{"id":977,"date":"2021-06-16T03:46:20","date_gmt":"2021-06-16T03:46:20","guid":{"rendered":"https:\/\/guanteslemus.com\/?post_type=product&#038;p=977"},"modified":"2025-01-28T02:11:55","modified_gmt":"2025-01-28T02:11:55","slug":"torreta-de-seguridad","status":"publish","type":"product","link":"https:\/\/guanteslemus.com\/?product=torreta-de-seguridad","title":{"rendered":"Torreta de seguridad \/ SE-TO"},"content":{"rendered":"<div class=\"row\"  id=\"row-1431129180\">\n\n\t<div id=\"col-2029135513\" class=\"col medium-3 small-12 large-3\"  >\n\t\t\t\t<div class=\"col-inner\"  >\n\t\t\t\n\t<div class=\"is-border\"\n\t\tstyle=\"border-color:rgb(0, 25, 118);border-width:10px 0px 0px 0px;\">\n\t<\/div>\n\t\t\t\n<div class=\"container section-title-container\" ><h4 class=\"section-title section-title-normal\"><b aria-hidden=\"true\"><\/b><span class=\"section-title-main\" >modelo se-to<\/span><b aria-hidden=\"true\"><\/b><\/h4><\/div>\n<p><b>Marca:<\/b><br \/>\n<span data-sheets-value=\"{&quot;1&quot;:2,&quot;2&quot;:&quot;Derma Care&quot;}\" data-sheets-userformat=\"{&quot;2&quot;:4224,&quot;10&quot;:2,&quot;15&quot;:&quot;arial,sans,sans-serif&quot;}\">Derma Care<\/span><\/p>\n<p><b>Usos:<\/b><br \/>\n<span data-sheets-value=\"{&quot;1&quot;:2,&quot;2&quot;:&quot;MultiusosnMaquinarianAceronConstrucci\u00f3n&quot;}\" data-sheets-userformat=\"{&quot;2&quot;:769,&quot;3&quot;:{&quot;1&quot;:0},&quot;11&quot;:4,&quot;12&quot;:0}\">\u00b7Multiusos<br \/>\n\u00b7Alta visibilidad<\/span><\/p>\n<p><b>Tallas:<\/b><br \/>\nNo aplica<\/p>\n\t\t<\/div>\n\t\t\t\t\n<style>\n#col-2029135513 > .col-inner {\n  padding: 10px 0px 0px 0px;\n  margin: 0px 0px 0px 0px;\n}\n<\/style>\n\t<\/div>\n\n\t\n\n\t<div id=\"col-1447133736\" class=\"col medium-3 small-12 large-3\"  >\n\t\t\t\t<div class=\"col-inner\"  >\n\t\t\t\n\t<div class=\"is-border\"\n\t\tstyle=\"border-color:rgb(255, 194, 14);border-width:10px 0px 0px 0px;margin:0px 0px 0px 0;\">\n\t<\/div>\n\t\t\t\n<div class=\"container section-title-container\" ><h4 class=\"section-title section-title-normal\"><b aria-hidden=\"true\"><\/b><span class=\"section-title-main\" >Solicitar cotizaci\u00f3n<\/span><b aria-hidden=\"true\"><\/b><\/h4><\/div>\n<p>Describa los productos que necesita y en breve le haremos llegar la informaci\u00f3n a su correo.<\/p>\n\n<div class=\"wpcf7 no-js\" id=\"wpcf7-f1047-o1\" lang=\"en-US\" dir=\"ltr\" data-wpcf7-id=\"1047\">\n<div class=\"screen-reader-response\"><p role=\"status\" aria-live=\"polite\" aria-atomic=\"true\"><\/p> <ul><\/ul><\/div>\n<form action=\"\/index.php?rest_route=%2Fwp%2Fv2%2Fproduct%2F977#wpcf7-f1047-o1\" method=\"post\" class=\"wpcf7-form init\" aria-label=\"Contact form\" novalidate=\"novalidate\" data-status=\"init\">\n<fieldset class=\"hidden-fields-container\"><input type=\"hidden\" name=\"_wpcf7\" value=\"1047\" \/><input type=\"hidden\" name=\"_wpcf7_version\" value=\"6.1.5\" \/><input type=\"hidden\" name=\"_wpcf7_locale\" value=\"en_US\" \/><input type=\"hidden\" name=\"_wpcf7_unit_tag\" value=\"wpcf7-f1047-o1\" \/><input type=\"hidden\" name=\"_wpcf7_container_post\" value=\"0\" \/><input type=\"hidden\" name=\"_wpcf7_posted_data_hash\" value=\"\" \/><input type=\"hidden\" name=\"_wpcf7_recaptcha_response\" value=\"\" \/>\n<\/fieldset>\n<div class=\"form-flat\">\n\t<p><span class=\"wpcf7-form-control-wrap\" data-name=\"your-name\"><input size=\"40\" maxlength=\"400\" class=\"wpcf7-form-control wpcf7-text wpcf7-validates-as-required\" aria-required=\"true\" aria-invalid=\"false\" placeholder=\"Nombre (*)\" value=\"\" type=\"text\" name=\"your-name\" \/><\/span>\n\t<\/p>\n\t<p><span class=\"wpcf7-form-control-wrap\" data-name=\"your-email\"><input size=\"40\" maxlength=\"400\" class=\"wpcf7-form-control wpcf7-email wpcf7-validates-as-required wpcf7-text wpcf7-validates-as-email\" aria-required=\"true\" aria-invalid=\"false\" placeholder=\"Email (*)\" value=\"\" type=\"email\" name=\"your-email\" \/><\/span>\n\t<\/p>\n\t<p><span class=\"wpcf7-form-control-wrap\" data-name=\"your-message\"><textarea cols=\"40\" rows=\"10\" maxlength=\"2000\" class=\"wpcf7-form-control wpcf7-textarea\" aria-invalid=\"false\" placeholder=\"Mensaje (*)\" name=\"your-message\"><\/textarea><\/span>\n\t<\/p>\n\t<p><input class=\"wpcf7-form-control wpcf7-submit has-spinner button\" type=\"submit\" value=\"Enviar\" \/>\n\t<\/p>\n<\/div><div class=\"wpcf7-response-output\" aria-hidden=\"true\"><\/div>\n<\/form>\n<\/div>\n\n\t\t<\/div>\n\t\t\t\t\n<style>\n#col-1447133736 > .col-inner {\n  padding: 10px 0px 0px 0px;\n  margin: 0px 0px 0px 0px;\n}\n<\/style>\n\t<\/div>\n\n\t\n\n\t<div id=\"col-2090951249\" class=\"col hide-for-small medium-3 small-12 large-3\"  >\n\t\t\t\t<div class=\"col-inner\"  >\n\t\t\t\n\t<div class=\"is-border\"\n\t\tstyle=\"border-color:rgb(231, 231, 231);border-width:10px 0px 0px 0px;\">\n\t<\/div>\n\t\t\t\n<div class=\"container section-title-container\" ><h4 class=\"section-title section-title-normal\"><b aria-hidden=\"true\"><\/b><span class=\"section-title-main\" >Categor\u00edas<\/span><b aria-hidden=\"true\"><\/b><\/h4><\/div>\n\t<div class=\"ux-menu stack stack-col justify-start ux-menu--divider-solid\">\n\t\t\n\t<div class=\"ux-menu-link flex menu-item\">\n\t\t<a class=\"ux-menu-link__link flex\" href=\"https:\/\/guanteslemus.com\/?product_cat=guantes-textiles\" >\n\t\t\t\t\t\t<span class=\"ux-menu-link__text\">\n\t\t\t\tGuantes textiles\t\t\t<\/span>\n\t\t<\/a>\n\t<\/div>\n\t\n\t<div class=\"ux-menu-link flex menu-item\">\n\t\t<a class=\"ux-menu-link__link flex\" href=\"https:\/\/guanteslemus.com\/?product_cat=guantes-con-soporte\" >\n\t\t\t\t\t\t<span class=\"ux-menu-link__text\">\n\t\t\t\tGuantes con soporte\t\t\t<\/span>\n\t\t<\/a>\n\t<\/div>\n\t\n\t<div class=\"ux-menu-link flex menu-item\">\n\t\t<a class=\"ux-menu-link__link flex\" href=\"https:\/\/guanteslemus.com\/?product_cat=guantes-sin-soporte\" >\n\t\t\t\t\t\t<span class=\"ux-menu-link__text\">\n\t\t\t\tGuantes sin soporte\t\t\t<\/span>\n\t\t<\/a>\n\t<\/div>\n\t\n\t<div class=\"ux-menu-link flex menu-item\">\n\t\t<a class=\"ux-menu-link__link flex\" href=\"https:\/\/guanteslemus.com\/?product_cat=guantes-anticorte\" >\n\t\t\t\t\t\t<span class=\"ux-menu-link__text\">\n\t\t\t\tGuantes anticorte\t\t\t<\/span>\n\t\t<\/a>\n\t<\/div>\n\t\n\t<div class=\"ux-menu-link flex menu-item\">\n\t\t<a class=\"ux-menu-link__link flex\" href=\"https:\/\/guanteslemus.com\/?product_cat=guantes-de-piel-y-carnaza\" >\n\t\t\t\t\t\t<span class=\"ux-menu-link__text\">\n\t\t\t\tGuantes de piel y carnaza\t\t\t<\/span>\n\t\t<\/a>\n\t<\/div>\n\t\n\t<div class=\"ux-menu-link flex menu-item\">\n\t\t<a class=\"ux-menu-link__link flex\" href=\"https:\/\/guanteslemus.com\/?product_cat=guantes-desechables\" >\n\t\t\t\t\t\t<span class=\"ux-menu-link__text\">\n\t\t\t\tGuantes desechables\t\t\t<\/span>\n\t\t<\/a>\n\t<\/div>\n\t\n\t<div class=\"ux-menu-link flex menu-item\">\n\t\t<a class=\"ux-menu-link__link flex\" href=\"https:\/\/guanteslemus.com\/?product_cat=altas-temperaturas\" >\n\t\t\t\t\t\t<span class=\"ux-menu-link__text\">\n\t\t\t\tAltas Temperaturas\t\t\t<\/span>\n\t\t<\/a>\n\t<\/div>\n\t\n\t<div class=\"ux-menu-link flex menu-item\">\n\t\t<a class=\"ux-menu-link__link flex\" href=\"https:\/\/guanteslemus.com\/?product_cat=ropa-de-seguridad\" >\n\t\t\t\t\t\t<span class=\"ux-menu-link__text\">\n\t\t\t\tRopa de seguridad\t\t\t<\/span>\n\t\t<\/a>\n\t<\/div>\n\t\n\t<div class=\"ux-menu-link flex menu-item\">\n\t\t<a class=\"ux-menu-link__link flex\" href=\"https:\/\/guanteslemus.com\/?product_cat=proteccion-ocular\" >\n\t\t\t\t\t\t<span class=\"ux-menu-link__text\">\n\t\t\t\tProtecci\u00f3n Ocular\t\t\t<\/span>\n\t\t<\/a>\n\t<\/div>\n\t\n\t<div class=\"ux-menu-link flex menu-item\">\n\t\t<a class=\"ux-menu-link__link flex\" href=\"https:\/\/guanteslemus.com\/?product_cat=proteccion-auditiva\" >\n\t\t\t\t\t\t<span class=\"ux-menu-link__text\">\n\t\t\t\tProtecci\u00f3n Auditiva\t\t\t<\/span>\n\t\t<\/a>\n\t<\/div>\n\t\n\t<div class=\"ux-menu-link flex menu-item\">\n\t\t<a class=\"ux-menu-link__link flex\" href=\"https:\/\/guanteslemus.com\/?product_cat=proteccion-respiratoria\" >\n\t\t\t\t\t\t<span class=\"ux-menu-link__text\">\n\t\t\t\tProtecci\u00f3n respiratoria\t\t\t<\/span>\n\t\t<\/a>\n\t<\/div>\n\t\n\t<div class=\"ux-menu-link flex menu-item\">\n\t\t<a class=\"ux-menu-link__link flex\" href=\"https:\/\/guanteslemus.com\/?product_cat=linea-de-altura\" >\n\t\t\t\t\t\t<span class=\"ux-menu-link__text\">\n\t\t\t\tL\u00ednea de altura\t\t\t<\/span>\n\t\t<\/a>\n\t<\/div>\n\t\n\t<div class=\"ux-menu-link flex menu-item\">\n\t\t<a class=\"ux-menu-link__link flex\" href=\"https:\/\/guanteslemus.com\/?product_cat=seguridad-vial\" >\n\t\t\t\t\t\t<span class=\"ux-menu-link__text\">\n\t\t\t\tSeguridad Vial\t\t\t<\/span>\n\t\t<\/a>\n\t<\/div>\n\t\n\t<div class=\"ux-menu-link flex menu-item\">\n\t\t<a class=\"ux-menu-link__link flex\" href=\"https:\/\/guanteslemus.com\/?product_cat=calzado-de-seguridad\" >\n\t\t\t\t\t\t<span class=\"ux-menu-link__text\">\n\t\t\t\tCalzado de seguridad\t\t\t<\/span>\n\t\t<\/a>\n\t<\/div>\n\t\n\t<div class=\"ux-menu-link flex menu-item\">\n\t\t<a class=\"ux-menu-link__link flex\" href=\"https:\/\/guanteslemus.com\/?product_cat=equipo-para-la-contingencia\" >\n\t\t\t\t\t\t<span class=\"ux-menu-link__text\">\n\t\t\t\tEquipo para la contingencia\t\t\t<\/span>\n\t\t<\/a>\n\t<\/div>\n\t\n\t<\/div>\n\t\n\t\t<\/div>\n\t\t\t\t\n<style>\n#col-2090951249 > .col-inner {\n  padding: 10px 0px 0px 0px;\n}\n<\/style>\n\t<\/div>\n\n\t\n<\/div>\n","protected":false},"excerpt":{"rendered":"<h4>Mod. SE-TO<\/h4>\n<p>Material polipropileno y poliestireno. Fabricada con material resistente a las diferentes condiciones del clima. Tiene funci\u00f3n de luz estrobosc\u00f3pica. Cuenta con un im\u00e1n para asegurar la fijaci\u00f3n en cualquier superficie met\u00e1lica. Su alcance visual es de 2.5 kil\u00f3metros. Cuenta con luz de advertencia y preventiva. Se alimenta con la energ\u00eda del autom\u00f3vil ya que cuenta con conexi\u00f3n al encendedor. Cuenta con 23 watts, 12DVC.<\/p>\n<h4>DESCARGAR:<\/h4>\n<a href=\"https:\/\/guanteslemus.com\/wp-content\/uploads\/2016\/08\/se_to.pdf\" target=\"_blank\" class=\"button primary\" rel=\"noopener\" style=\"border-radius:10px;\">\n\t\t<span>Ficha t\u00e9cnica<\/span>\n\t<\/a>\n\n<a href=\"https:\/\/drive.google.com\/file\/d\/1wEDuBGNrg2RqGexM7-8amSusDMwF3X6P\/view?usp=sharing\" target=\"_blank\" class=\"button secondary\" rel=\"noopener\" style=\"border-radius:10px;\">\n\t\t<span>Cat\u00e1logo Completo<\/span>\n\t<\/a>\n\n","protected":false},"featured_media":4270,"template":"","meta":[],"product_brand":[],"product_cat":[80],"product_tag":[97],"class_list":{"0":"post-977","1":"product","2":"type-product","3":"status-publish","4":"has-post-thumbnail","6":"product_cat-seguridad-vial","7":"product_tag-dermacare","9":"first","10":"instock","11":"taxable","12":"shipping-taxable","13":"product-type-simple"},"_links":{"self":[{"href":"https:\/\/guanteslemus.com\/index.php?rest_route=\/wp\/v2\/product\/977","targetHints":{"allow":["GET"]}}],"collection":[{"href":"https:\/\/guanteslemus.com\/index.php?rest_route=\/wp\/v2\/product"}],"about":[{"href":"https:\/\/guanteslemus.com\/index.php?rest_route=\/wp\/v2\/types\/product"}],"wp:featuredmedia":[{"embeddable":true,"href":"https:\/\/guanteslemus.com\/index.php?rest_route=\/wp\/v2\/media\/4270"}],"wp:attachment":[{"href":"https:\/\/guanteslemus.com\/index.php?rest_route=%2Fwp%2Fv2%2Fmedia&parent=977"}],"wp:term":[{"taxonomy":"product_brand","embeddable":true,"href":"https:\/\/guanteslemus.com\/index.php?rest_route=%2Fwp%2Fv2%2Fproduct_brand&post=977"},{"taxonomy":"product_cat","embeddable":true,"href":"https:\/\/guanteslemus.com\/index.php?rest_route=%2Fwp%2Fv2%2Fproduct_cat&post=977"},{"taxonomy":"product_tag","embeddable":true,"href":"https:\/\/guanteslemus.com\/index.php?rest_route=%2Fwp%2Fv2%2Fproduct_tag&post=977"}],"curies":[{"name":"wp","href":"https:\/\/api.w.org\/{rel}","templated":true}]}}