{"id":2902,"date":"2023-10-03T03:05:34","date_gmt":"2023-10-03T03:05:34","guid":{"rendered":"https:\/\/guanteslemus.com\/?post_type=product&#038;p=2902"},"modified":"2025-01-24T03:04:26","modified_gmt":"2025-01-24T03:04:26","slug":"casco-assambler-dielectrico-con-matraca-y-barbiquejo-ww-2006rk","status":"publish","type":"product","link":"https:\/\/guanteslemus.com\/?product=casco-assambler-dielectrico-con-matraca-y-barbiquejo-ww-2006rk","title":{"rendered":"Casco Assambler diel\u00e9ctrico con matraca y barbiquejo \/ WW-2006RK"},"content":{"rendered":"<div class=\"row\"  id=\"row-1818087288\">\n\n\t<div id=\"col-1165431780\" class=\"col medium-3 small-12 large-3\"  >\n\t\t\t\t<div class=\"col-inner\"  >\n\t\t\t\n\t<div class=\"is-border\"\n\t\tstyle=\"border-color:rgb(0, 25, 118);border-width:10px 0px 0px 0px;\">\n\t<\/div>\n\t\t\t\n<div class=\"container section-title-container\" ><h4 class=\"section-title section-title-normal\"><b aria-hidden=\"true\"><\/b><span class=\"section-title-main\" >modelo WW-2006RK<\/span><b aria-hidden=\"true\"><\/b><\/h4><\/div>\n<p><b>Marca:<\/b><br \/><span data-sheets-value=\"{&quot;1&quot;:2,&quot;2&quot;:&quot;Jyrsa&quot;}\" data-sheets-userformat=\"{&quot;2&quot;:513,&quot;3&quot;:{&quot;1&quot;:0},&quot;12&quot;:0}\">Jyrsa<\/span><\/p>\n<p><b>Usos:<\/b><br \/><span data-sheets-value=\"{&quot;1&quot;:2,&quot;2&quot;:&quot;Industria en generalnPetr\u00f3leonConstrucci\u00f3nnMiner\u00eda&quot;}\" data-sheets-userformat=\"{&quot;2&quot;:769,&quot;3&quot;:{&quot;1&quot;:0},&quot;11&quot;:4,&quot;12&quot;:0}\">\u00b7Industria en general<br \/>\u00b7Petr\u00f3leo<br \/>\u00b7Construcci\u00f3n<br \/>\u00b7Miner\u00eda<\/span><\/p>\n<p><b>Tallas:<\/b><br \/><span data-sheets-value=\"{&quot;1&quot;:2,&quot;2&quot;:&quot;Ajustable&quot;}\" data-sheets-userformat=\"{&quot;2&quot;:769,&quot;3&quot;:{&quot;1&quot;:0},&quot;11&quot;:4,&quot;12&quot;:0}\">Ajustable<\/span><\/p>\n<p><b>Certificaciones:<\/b><br \/><span data-sheets-value=\"{&quot;1&quot;:2,&quot;2&quot;:&quot;\u2022 Certificado NYCE de conformidad con la Norma Oficial Mexicana NOM-115-STPS-2009n\u2022 Cumple con ANSI.&quot;}\" data-sheets-userformat=\"{&quot;2&quot;:769,&quot;3&quot;:{&quot;1&quot;:0},&quot;11&quot;:4,&quot;12&quot;:0}\">\u2022 Certificado NYCE de conformidad con la Norma Oficial Mexicana NOM-115-STPS-2009<br \/>\u2022 Cumple con ANSI.<\/span><\/p>\n\t\t<\/div>\n\t\t\t\t\n<style>\n#col-1165431780 > .col-inner {\n  padding: 10px 0px 0px 0px;\n  margin: 0px 0px 0px 0px;\n}\n<\/style>\n\t<\/div>\n\n\t\n\n\t<div id=\"col-1905468853\" class=\"col medium-3 small-12 large-3\"  >\n\t\t\t\t<div class=\"col-inner\"  >\n\t\t\t\n\t<div class=\"is-border\"\n\t\tstyle=\"border-color:rgb(255, 194, 14);border-width:10px 0px 0px 0px;margin:0px 0px 0px 0;\">\n\t<\/div>\n\t\t\t\n<div class=\"container section-title-container\" ><h4 class=\"section-title section-title-normal\"><b aria-hidden=\"true\"><\/b><span class=\"section-title-main\" >Solicitar cotizaci\u00f3n<\/span><b aria-hidden=\"true\"><\/b><\/h4><\/div>\n<p>Describa los productos que necesita y en breve le haremos llegar la informaci\u00f3n a su correo.<\/p>\n\n<div class=\"wpcf7 no-js\" id=\"wpcf7-f1047-o1\" lang=\"en-US\" dir=\"ltr\" data-wpcf7-id=\"1047\">\n<div class=\"screen-reader-response\"><p role=\"status\" aria-live=\"polite\" aria-atomic=\"true\"><\/p> <ul><\/ul><\/div>\n<form action=\"\/index.php?rest_route=%2Fwp%2Fv2%2Fproduct%2F2902#wpcf7-f1047-o1\" method=\"post\" class=\"wpcf7-form init\" aria-label=\"Contact form\" novalidate=\"novalidate\" data-status=\"init\">\n<fieldset class=\"hidden-fields-container\"><input type=\"hidden\" name=\"_wpcf7\" value=\"1047\" \/><input type=\"hidden\" name=\"_wpcf7_version\" value=\"6.1.5\" \/><input type=\"hidden\" name=\"_wpcf7_locale\" value=\"en_US\" \/><input type=\"hidden\" name=\"_wpcf7_unit_tag\" value=\"wpcf7-f1047-o1\" \/><input type=\"hidden\" name=\"_wpcf7_container_post\" value=\"0\" \/><input type=\"hidden\" name=\"_wpcf7_posted_data_hash\" value=\"\" \/><input type=\"hidden\" name=\"_wpcf7_recaptcha_response\" value=\"\" \/>\n<\/fieldset>\n<div class=\"form-flat\">\n\t<p><span class=\"wpcf7-form-control-wrap\" data-name=\"your-name\"><input size=\"40\" maxlength=\"400\" class=\"wpcf7-form-control wpcf7-text wpcf7-validates-as-required\" aria-required=\"true\" aria-invalid=\"false\" placeholder=\"Nombre (*)\" value=\"\" type=\"text\" name=\"your-name\" \/><\/span>\n\t<\/p>\n\t<p><span class=\"wpcf7-form-control-wrap\" data-name=\"your-email\"><input size=\"40\" maxlength=\"400\" class=\"wpcf7-form-control wpcf7-email wpcf7-validates-as-required wpcf7-text wpcf7-validates-as-email\" aria-required=\"true\" aria-invalid=\"false\" placeholder=\"Email (*)\" value=\"\" type=\"email\" name=\"your-email\" \/><\/span>\n\t<\/p>\n\t<p><span class=\"wpcf7-form-control-wrap\" data-name=\"your-message\"><textarea cols=\"40\" rows=\"10\" maxlength=\"2000\" class=\"wpcf7-form-control wpcf7-textarea\" aria-invalid=\"false\" placeholder=\"Mensaje (*)\" name=\"your-message\"><\/textarea><\/span>\n\t<\/p>\n\t<p><input class=\"wpcf7-form-control wpcf7-submit has-spinner button\" type=\"submit\" value=\"Enviar\" \/>\n\t<\/p>\n<\/div><div class=\"wpcf7-response-output\" aria-hidden=\"true\"><\/div>\n<\/form>\n<\/div>\n\n\t\t<\/div>\n\t\t\t\t\n<style>\n#col-1905468853 > .col-inner {\n  padding: 10px 0px 0px 0px;\n  margin: 0px 0px 0px 0px;\n}\n<\/style>\n\t<\/div>\n\n\t\n\n\t<div id=\"col-1475937064\" class=\"col medium-3 small-12 large-3\"  >\n\t\t\t\t<div class=\"col-inner\"  >\n\t\t\t\n\t<div class=\"is-border\"\n\t\tstyle=\"border-color:rgb(231, 231, 231);border-width:10px 0px 0px 0px;\">\n\t<\/div>\n\t\t\t\n<div class=\"container section-title-container\" ><h4 class=\"section-title section-title-normal\"><b aria-hidden=\"true\"><\/b><span class=\"section-title-main\" >Categor\u00edas<\/span><b aria-hidden=\"true\"><\/b><\/h4><\/div>\n\t<div class=\"ux-menu stack stack-col justify-start ux-menu--divider-solid\">\n\t\t\n\t<div class=\"ux-menu-link flex menu-item\">\n\t\t<a class=\"ux-menu-link__link flex\" href=\"https:\/\/guanteslemus.com\/?product_cat=guantes-textiles\" >\n\t\t\t\t\t\t<span class=\"ux-menu-link__text\">\n\t\t\t\tGuantes textiles\t\t\t<\/span>\n\t\t<\/a>\n\t<\/div>\n\t\n\t<div class=\"ux-menu-link flex menu-item\">\n\t\t<a class=\"ux-menu-link__link flex\" href=\"https:\/\/guanteslemus.com\/?product_cat=guantes-con-soporte\" >\n\t\t\t\t\t\t<span class=\"ux-menu-link__text\">\n\t\t\t\tGuantes con soporte\t\t\t<\/span>\n\t\t<\/a>\n\t<\/div>\n\t\n\t<div class=\"ux-menu-link flex menu-item\">\n\t\t<a class=\"ux-menu-link__link flex\" href=\"https:\/\/guanteslemus.com\/?product_cat=guantes-sin-soporte\" >\n\t\t\t\t\t\t<span class=\"ux-menu-link__text\">\n\t\t\t\tGuantes sin soporte\t\t\t<\/span>\n\t\t<\/a>\n\t<\/div>\n\t\n\t<div class=\"ux-menu-link flex menu-item\">\n\t\t<a class=\"ux-menu-link__link flex\" href=\"https:\/\/guanteslemus.com\/?product_cat=guantes-anticorte\" >\n\t\t\t\t\t\t<span class=\"ux-menu-link__text\">\n\t\t\t\tGuantes anticorte\t\t\t<\/span>\n\t\t<\/a>\n\t<\/div>\n\t\n\t<div class=\"ux-menu-link flex menu-item\">\n\t\t<a class=\"ux-menu-link__link flex\" href=\"https:\/\/guanteslemus.com\/?product_cat=guantes-de-piel-y-carnaza\" >\n\t\t\t\t\t\t<span class=\"ux-menu-link__text\">\n\t\t\t\tGuantes de piel y carnaza\t\t\t<\/span>\n\t\t<\/a>\n\t<\/div>\n\t\n\t<div class=\"ux-menu-link flex menu-item\">\n\t\t<a class=\"ux-menu-link__link flex\" href=\"https:\/\/guanteslemus.com\/?product_cat=guantes-desechables\" >\n\t\t\t\t\t\t<span class=\"ux-menu-link__text\">\n\t\t\t\tGuantes desechables\t\t\t<\/span>\n\t\t<\/a>\n\t<\/div>\n\t\n\t<div class=\"ux-menu-link flex menu-item\">\n\t\t<a class=\"ux-menu-link__link flex\" href=\"https:\/\/guanteslemus.com\/?product_cat=altas-temperaturas\" >\n\t\t\t\t\t\t<span class=\"ux-menu-link__text\">\n\t\t\t\tAltas Temperaturas\t\t\t<\/span>\n\t\t<\/a>\n\t<\/div>\n\t\n\t<div class=\"ux-menu-link flex menu-item\">\n\t\t<a class=\"ux-menu-link__link flex\" href=\"https:\/\/guanteslemus.com\/?product_cat=ropa-de-seguridad\" >\n\t\t\t\t\t\t<span class=\"ux-menu-link__text\">\n\t\t\t\tRopa de seguridad\t\t\t<\/span>\n\t\t<\/a>\n\t<\/div>\n\t\n\t<div class=\"ux-menu-link flex menu-item\">\n\t\t<a class=\"ux-menu-link__link flex\" href=\"https:\/\/guanteslemus.com\/?product_cat=proteccion-ocular\" >\n\t\t\t\t\t\t<span class=\"ux-menu-link__text\">\n\t\t\t\tProtecci\u00f3n Ocular\t\t\t<\/span>\n\t\t<\/a>\n\t<\/div>\n\t\n\t<div class=\"ux-menu-link flex menu-item\">\n\t\t<a class=\"ux-menu-link__link flex\" href=\"https:\/\/guanteslemus.com\/?product_cat=proteccion-auditiva\" >\n\t\t\t\t\t\t<span class=\"ux-menu-link__text\">\n\t\t\t\tProtecci\u00f3n Auditiva\t\t\t<\/span>\n\t\t<\/a>\n\t<\/div>\n\t\n\t<div class=\"ux-menu-link flex menu-item\">\n\t\t<a class=\"ux-menu-link__link flex\" href=\"https:\/\/guanteslemus.com\/?product_cat=proteccion-respiratoria\" >\n\t\t\t\t\t\t<span class=\"ux-menu-link__text\">\n\t\t\t\tProtecci\u00f3n respiratoria\t\t\t<\/span>\n\t\t<\/a>\n\t<\/div>\n\t\n\t<div class=\"ux-menu-link flex menu-item\">\n\t\t<a class=\"ux-menu-link__link flex\" href=\"https:\/\/guanteslemus.com\/?product_cat=linea-de-altura\" >\n\t\t\t\t\t\t<span class=\"ux-menu-link__text\">\n\t\t\t\tL\u00ednea de altura\t\t\t<\/span>\n\t\t<\/a>\n\t<\/div>\n\t\n\t<div class=\"ux-menu-link flex menu-item\">\n\t\t<a class=\"ux-menu-link__link flex\" href=\"https:\/\/guanteslemus.com\/?product_cat=seguridad-vial\" >\n\t\t\t\t\t\t<span class=\"ux-menu-link__text\">\n\t\t\t\tSeguridad Vial\t\t\t<\/span>\n\t\t<\/a>\n\t<\/div>\n\t\n\t<div class=\"ux-menu-link flex menu-item\">\n\t\t<a class=\"ux-menu-link__link flex\" href=\"https:\/\/guanteslemus.com\/?product_cat=calzado-de-seguridad\" >\n\t\t\t\t\t\t<span class=\"ux-menu-link__text\">\n\t\t\t\tCalzado de seguridad\t\t\t<\/span>\n\t\t<\/a>\n\t<\/div>\n\t\n\t<div class=\"ux-menu-link flex menu-item\">\n\t\t<a class=\"ux-menu-link__link flex\" href=\"https:\/\/guanteslemus.com\/?product_cat=equipo-para-la-contingencia\" >\n\t\t\t\t\t\t<span class=\"ux-menu-link__text\">\n\t\t\t\tEquipo para la contingencia\t\t\t<\/span>\n\t\t<\/a>\n\t<\/div>\n\t\n\t<\/div>\n\t\n\t\t<\/div>\n\t\t\t\t\n<style>\n#col-1475937064 > .col-inner {\n  padding: 10px 0px 0px 0px;\n}\n<\/style>\n\t<\/div>\n\n\t\n<\/div>\n","protected":false},"excerpt":{"rendered":"<h4>Mod. WW-2006RK<\/h4>\n<p>Casco de seguridad tipo II, clase E con suspensi\u00f3n de nylon de 19 mm. diel\u00e9ctrica de 6 puntos resistente a m\u00e1s de 20,000 voltios. El casco est\u00e1 fabricado en material termopl\u00e1stico ABS de alta resistencia, al ser un casco de tipo II brinda protecci\u00f3n superior contra impactos. Cuenta con barbiquejo con un arn\u00e9s de 4 puntos conectados directamente al casco. Espuma interior de poliestireno expandido que ofrece aisalmiento t\u00e9rmico. Se ahusta a varias tallas gracias al ajuste graduado en la nuca con sistema de matraca. Tiene un reflejante termopl\u00e1stico en la parte trasera del casco. Dubetina lavable.<\/p>\n<h4>DESCARGAR:<\/h4>\n<a href=\"https:\/\/guanteslemus.com\/wp-content\/uploads\/2016\/08\/ww_2006rk.pdf\" target=\"_blank\" class=\"button primary\" rel=\"noopener\" style=\"border-radius:10px;\">\n\t\t<span>Ficha t\u00e9cnica<\/span>\n\t<\/a>\n\n<a href=\"https:\/\/drive.google.com\/file\/d\/1wEDuBGNrg2RqGexM7-8amSusDMwF3X6P\/view?usp=sharing\" target=\"_blank\" class=\"button secondary\" rel=\"noopener\" style=\"border-radius:10px;\">\n\t\t<span>Cat\u00e1logo Completo<\/span>\n\t<\/a>\n\n","protected":false},"featured_media":3837,"template":"","meta":[],"product_brand":[],"product_cat":[80],"product_tag":[85],"class_list":{"0":"post-2902","1":"product","2":"type-product","3":"status-publish","4":"has-post-thumbnail","6":"product_cat-seguridad-vial","7":"product_tag-jyrsa","9":"first","10":"instock","11":"taxable","12":"shipping-taxable","13":"product-type-simple"},"_links":{"self":[{"href":"https:\/\/guanteslemus.com\/index.php?rest_route=\/wp\/v2\/product\/2902","targetHints":{"allow":["GET"]}}],"collection":[{"href":"https:\/\/guanteslemus.com\/index.php?rest_route=\/wp\/v2\/product"}],"about":[{"href":"https:\/\/guanteslemus.com\/index.php?rest_route=\/wp\/v2\/types\/product"}],"wp:featuredmedia":[{"embeddable":true,"href":"https:\/\/guanteslemus.com\/index.php?rest_route=\/wp\/v2\/media\/3837"}],"wp:attachment":[{"href":"https:\/\/guanteslemus.com\/index.php?rest_route=%2Fwp%2Fv2%2Fmedia&parent=2902"}],"wp:term":[{"taxonomy":"product_brand","embeddable":true,"href":"https:\/\/guanteslemus.com\/index.php?rest_route=%2Fwp%2Fv2%2Fproduct_brand&post=2902"},{"taxonomy":"product_cat","embeddable":true,"href":"https:\/\/guanteslemus.com\/index.php?rest_route=%2Fwp%2Fv2%2Fproduct_cat&post=2902"},{"taxonomy":"product_tag","embeddable":true,"href":"https:\/\/guanteslemus.com\/index.php?rest_route=%2Fwp%2Fv2%2Fproduct_tag&post=2902"}],"curies":[{"name":"wp","href":"https:\/\/api.w.org\/{rel}","templated":true}]}}