{"id":2887,"date":"2023-10-03T02:36:58","date_gmt":"2023-10-03T02:36:58","guid":{"rendered":"https:\/\/guanteslemus.com\/?post_type=product&#038;p=2887"},"modified":"2025-01-24T03:40:18","modified_gmt":"2025-01-24T03:40:18","slug":"mascarilla-aura-n95-para-usarse-con-gafas-9205","status":"publish","type":"product","link":"https:\/\/guanteslemus.com\/?product=mascarilla-aura-n95-para-usarse-con-gafas-9205","title":{"rendered":"Mascarilla Aura N95 para usarse con gafas \/ 9205"},"content":{"rendered":"<div class=\"row\"  id=\"row-444948191\">\n\n\t<div id=\"col-1455874240\" class=\"col medium-3 small-12 large-3\"  >\n\t\t\t\t<div class=\"col-inner\"  >\n\t\t\t\n\t<div class=\"is-border\"\n\t\tstyle=\"border-color:rgb(0, 25, 118);border-width:10px 0px 0px 0px;\">\n\t<\/div>\n\t\t\t\n<div class=\"container section-title-container\" ><h4 class=\"section-title section-title-normal\"><b aria-hidden=\"true\"><\/b><span class=\"section-title-main\" >modelo 9205<\/span><b aria-hidden=\"true\"><\/b><\/h4><\/div>\n<p><b>Marca:<\/b><br \/><span data-sheets-value=\"{&quot;1&quot;:2,&quot;2&quot;:&quot;3M&quot;}\" data-sheets-userformat=\"{&quot;2&quot;:513,&quot;3&quot;:{&quot;1&quot;:0},&quot;12&quot;:0}\">3M<\/span><\/p>\n<p><b>Usos:<\/b><br \/><span data-sheets-value=\"{&quot;1&quot;:2,&quot;2&quot;:&quot;Actividades con alta presencia de polvonTrabajo y acabados con maderanLimpieza&quot;}\" data-sheets-userformat=\"{&quot;2&quot;:769,&quot;3&quot;:{&quot;1&quot;:0},&quot;11&quot;:4,&quot;12&quot;:0}\">Actividades con alta presencia de polvo<br \/>Trabajo y acabados con madera<br \/>Limpieza<\/span><\/p>\n\t\t<\/div>\n\t\t\t\t\n<style>\n#col-1455874240 > .col-inner {\n  padding: 10px 0px 0px 0px;\n  margin: 0px 0px 0px 0px;\n}\n<\/style>\n\t<\/div>\n\n\t\n\n\t<div id=\"col-401549667\" class=\"col medium-3 small-12 large-3\"  >\n\t\t\t\t<div class=\"col-inner\"  >\n\t\t\t\n\t<div class=\"is-border\"\n\t\tstyle=\"border-color:rgb(255, 194, 14);border-width:10px 0px 0px 0px;margin:0px 0px 0px 0;\">\n\t<\/div>\n\t\t\t\n<div class=\"container section-title-container\" ><h4 class=\"section-title section-title-normal\"><b aria-hidden=\"true\"><\/b><span class=\"section-title-main\" >Solicitar cotizaci\u00f3n<\/span><b aria-hidden=\"true\"><\/b><\/h4><\/div>\n<p>Describa los productos que necesita y en breve le haremos llegar la informaci\u00f3n a su correo.<\/p>\n\n<div class=\"wpcf7 no-js\" id=\"wpcf7-f1047-o1\" lang=\"en-US\" dir=\"ltr\" data-wpcf7-id=\"1047\">\n<div class=\"screen-reader-response\"><p role=\"status\" aria-live=\"polite\" aria-atomic=\"true\"><\/p> <ul><\/ul><\/div>\n<form action=\"\/index.php?rest_route=%2Fwp%2Fv2%2Fproduct%2F2887#wpcf7-f1047-o1\" method=\"post\" class=\"wpcf7-form init\" aria-label=\"Contact form\" novalidate=\"novalidate\" data-status=\"init\">\n<fieldset class=\"hidden-fields-container\"><input type=\"hidden\" name=\"_wpcf7\" value=\"1047\" \/><input type=\"hidden\" name=\"_wpcf7_version\" value=\"6.1.5\" \/><input type=\"hidden\" name=\"_wpcf7_locale\" value=\"en_US\" \/><input type=\"hidden\" name=\"_wpcf7_unit_tag\" value=\"wpcf7-f1047-o1\" \/><input type=\"hidden\" name=\"_wpcf7_container_post\" value=\"0\" \/><input type=\"hidden\" name=\"_wpcf7_posted_data_hash\" value=\"\" \/><input type=\"hidden\" name=\"_wpcf7_recaptcha_response\" value=\"\" \/>\n<\/fieldset>\n<div class=\"form-flat\">\n\t<p><span class=\"wpcf7-form-control-wrap\" data-name=\"your-name\"><input size=\"40\" maxlength=\"400\" class=\"wpcf7-form-control wpcf7-text wpcf7-validates-as-required\" aria-required=\"true\" aria-invalid=\"false\" placeholder=\"Nombre (*)\" value=\"\" type=\"text\" name=\"your-name\" \/><\/span>\n\t<\/p>\n\t<p><span class=\"wpcf7-form-control-wrap\" data-name=\"your-email\"><input size=\"40\" maxlength=\"400\" class=\"wpcf7-form-control wpcf7-email wpcf7-validates-as-required wpcf7-text wpcf7-validates-as-email\" aria-required=\"true\" aria-invalid=\"false\" placeholder=\"Email (*)\" value=\"\" type=\"email\" name=\"your-email\" \/><\/span>\n\t<\/p>\n\t<p><span class=\"wpcf7-form-control-wrap\" data-name=\"your-message\"><textarea cols=\"40\" rows=\"10\" maxlength=\"2000\" class=\"wpcf7-form-control wpcf7-textarea\" aria-invalid=\"false\" placeholder=\"Mensaje (*)\" name=\"your-message\"><\/textarea><\/span>\n\t<\/p>\n\t<p><input class=\"wpcf7-form-control wpcf7-submit has-spinner button\" type=\"submit\" value=\"Enviar\" \/>\n\t<\/p>\n<\/div><div class=\"wpcf7-response-output\" aria-hidden=\"true\"><\/div>\n<\/form>\n<\/div>\n\n\t\t<\/div>\n\t\t\t\t\n<style>\n#col-401549667 > .col-inner {\n  padding: 10px 0px 0px 0px;\n  margin: 0px 0px 0px 0px;\n}\n<\/style>\n\t<\/div>\n\n\t\n\n\t<div id=\"col-910801086\" class=\"col medium-3 small-12 large-3\"  >\n\t\t\t\t<div class=\"col-inner\"  >\n\t\t\t\n\t<div class=\"is-border\"\n\t\tstyle=\"border-color:rgb(231, 231, 231);border-width:10px 0px 0px 0px;\">\n\t<\/div>\n\t\t\t\n<div class=\"container section-title-container\" ><h4 class=\"section-title section-title-normal\"><b aria-hidden=\"true\"><\/b><span class=\"section-title-main\" >Categor\u00edas<\/span><b aria-hidden=\"true\"><\/b><\/h4><\/div>\n\t<div class=\"ux-menu stack stack-col justify-start ux-menu--divider-solid\">\n\t\t\n\t<div class=\"ux-menu-link flex menu-item\">\n\t\t<a class=\"ux-menu-link__link flex\" href=\"https:\/\/guanteslemus.com\/?product_cat=guantes-textiles\" >\n\t\t\t\t\t\t<span class=\"ux-menu-link__text\">\n\t\t\t\tGuantes textiles\t\t\t<\/span>\n\t\t<\/a>\n\t<\/div>\n\t\n\t<div class=\"ux-menu-link flex menu-item\">\n\t\t<a class=\"ux-menu-link__link flex\" href=\"https:\/\/guanteslemus.com\/?product_cat=guantes-con-soporte\" >\n\t\t\t\t\t\t<span class=\"ux-menu-link__text\">\n\t\t\t\tGuantes con soporte\t\t\t<\/span>\n\t\t<\/a>\n\t<\/div>\n\t\n\t<div class=\"ux-menu-link flex menu-item\">\n\t\t<a class=\"ux-menu-link__link flex\" href=\"https:\/\/guanteslemus.com\/?product_cat=guantes-sin-soporte\" >\n\t\t\t\t\t\t<span class=\"ux-menu-link__text\">\n\t\t\t\tGuantes sin soporte\t\t\t<\/span>\n\t\t<\/a>\n\t<\/div>\n\t\n\t<div class=\"ux-menu-link flex menu-item\">\n\t\t<a class=\"ux-menu-link__link flex\" href=\"https:\/\/guanteslemus.com\/?product_cat=guantes-anticorte\" >\n\t\t\t\t\t\t<span class=\"ux-menu-link__text\">\n\t\t\t\tGuantes anticorte\t\t\t<\/span>\n\t\t<\/a>\n\t<\/div>\n\t\n\t<div class=\"ux-menu-link flex menu-item\">\n\t\t<a class=\"ux-menu-link__link flex\" href=\"https:\/\/guanteslemus.com\/?product_cat=guantes-de-piel-y-carnaza\" >\n\t\t\t\t\t\t<span class=\"ux-menu-link__text\">\n\t\t\t\tGuantes de piel y carnaza\t\t\t<\/span>\n\t\t<\/a>\n\t<\/div>\n\t\n\t<div class=\"ux-menu-link flex menu-item\">\n\t\t<a class=\"ux-menu-link__link flex\" href=\"https:\/\/guanteslemus.com\/?product_cat=guantes-desechables\" >\n\t\t\t\t\t\t<span class=\"ux-menu-link__text\">\n\t\t\t\tGuantes desechables\t\t\t<\/span>\n\t\t<\/a>\n\t<\/div>\n\t\n\t<div class=\"ux-menu-link flex menu-item\">\n\t\t<a class=\"ux-menu-link__link flex\" href=\"https:\/\/guanteslemus.com\/?product_cat=altas-temperaturas\" >\n\t\t\t\t\t\t<span class=\"ux-menu-link__text\">\n\t\t\t\tAltas Temperaturas\t\t\t<\/span>\n\t\t<\/a>\n\t<\/div>\n\t\n\t<div class=\"ux-menu-link flex menu-item\">\n\t\t<a class=\"ux-menu-link__link flex\" href=\"https:\/\/guanteslemus.com\/?product_cat=ropa-de-seguridad\" >\n\t\t\t\t\t\t<span class=\"ux-menu-link__text\">\n\t\t\t\tRopa de seguridad\t\t\t<\/span>\n\t\t<\/a>\n\t<\/div>\n\t\n\t<div class=\"ux-menu-link flex menu-item\">\n\t\t<a class=\"ux-menu-link__link flex\" href=\"https:\/\/guanteslemus.com\/?product_cat=proteccion-ocular\" >\n\t\t\t\t\t\t<span class=\"ux-menu-link__text\">\n\t\t\t\tProtecci\u00f3n Ocular\t\t\t<\/span>\n\t\t<\/a>\n\t<\/div>\n\t\n\t<div class=\"ux-menu-link flex menu-item\">\n\t\t<a class=\"ux-menu-link__link flex\" href=\"https:\/\/guanteslemus.com\/?product_cat=proteccion-auditiva\" >\n\t\t\t\t\t\t<span class=\"ux-menu-link__text\">\n\t\t\t\tProtecci\u00f3n Auditiva\t\t\t<\/span>\n\t\t<\/a>\n\t<\/div>\n\t\n\t<div class=\"ux-menu-link flex menu-item\">\n\t\t<a class=\"ux-menu-link__link flex\" href=\"https:\/\/guanteslemus.com\/?product_cat=proteccion-respiratoria\" >\n\t\t\t\t\t\t<span class=\"ux-menu-link__text\">\n\t\t\t\tProtecci\u00f3n respiratoria\t\t\t<\/span>\n\t\t<\/a>\n\t<\/div>\n\t\n\t<div class=\"ux-menu-link flex menu-item\">\n\t\t<a class=\"ux-menu-link__link flex\" href=\"https:\/\/guanteslemus.com\/?product_cat=linea-de-altura\" >\n\t\t\t\t\t\t<span class=\"ux-menu-link__text\">\n\t\t\t\tL\u00ednea de altura\t\t\t<\/span>\n\t\t<\/a>\n\t<\/div>\n\t\n\t<div class=\"ux-menu-link flex menu-item\">\n\t\t<a class=\"ux-menu-link__link flex\" href=\"https:\/\/guanteslemus.com\/?product_cat=seguridad-vial\" >\n\t\t\t\t\t\t<span class=\"ux-menu-link__text\">\n\t\t\t\tSeguridad Vial\t\t\t<\/span>\n\t\t<\/a>\n\t<\/div>\n\t\n\t<div class=\"ux-menu-link flex menu-item\">\n\t\t<a class=\"ux-menu-link__link flex\" href=\"https:\/\/guanteslemus.com\/?product_cat=calzado-de-seguridad\" >\n\t\t\t\t\t\t<span class=\"ux-menu-link__text\">\n\t\t\t\tCalzado de seguridad\t\t\t<\/span>\n\t\t<\/a>\n\t<\/div>\n\t\n\t<div class=\"ux-menu-link flex menu-item\">\n\t\t<a class=\"ux-menu-link__link flex\" href=\"https:\/\/guanteslemus.com\/?product_cat=equipo-para-la-contingencia\" >\n\t\t\t\t\t\t<span class=\"ux-menu-link__text\">\n\t\t\t\tEquipo para la contingencia\t\t\t<\/span>\n\t\t<\/a>\n\t<\/div>\n\t\n\t<\/div>\n\t\n\t\t<\/div>\n\t\t\t\t\n<style>\n#col-910801086 > .col-inner {\n  padding: 10px 0px 0px 0px;\n}\n<\/style>\n\t<\/div>\n\n\t\n<\/div>\n","protected":false},"excerpt":{"rendered":"<h4>Mod. 9205<\/h4>\n<p>Respirador para part\u00edculas N95 desechable, construido de 3 p\u00e1neles y plegado plano para facilitar el almacenamiento y la portabilidad. Ayuda a bribdar protecci\u00f3n contra part\u00edculas que no son a base de aceite. Con material suave en el interior para mayor comodidad. Cuenta con clip nasal ajustable para asegurar un sello personalizado. Dise\u00f1ado especialmente para dirigir el aire exhalado lejos del panel de la nar\u00edz para reducir el empa\u00f1amiento de las gafas. Ayuda a reducir la inhalaci\u00f3n de part\u00edculas biol\u00f3gicas como el moho y ciertos microorganismos.<\/p>\n<h4>DESCARGAR:<\/h4>\n<a href=\"https:\/\/guanteslemus.com\/wp-content\/uploads\/2016\/08\/9205.pdf\" target=\"_blank\" class=\"button primary\" rel=\"noopener\" style=\"border-radius:10px;\">\n\t\t<span>Ficha t\u00e9cnica<\/span>\n\t<\/a>\n\n<a href=\"https:\/\/drive.google.com\/file\/d\/1wEDuBGNrg2RqGexM7-8amSusDMwF3X6P\/view?usp=sharing\" target=\"_blank\" class=\"button secondary\" rel=\"noopener\" style=\"border-radius:10px;\">\n\t\t<span>Cat\u00e1logo Completo<\/span>\n\t<\/a>\n\n","protected":false},"featured_media":3886,"template":"","meta":[],"product_brand":[],"product_cat":[78],"product_tag":[95],"class_list":{"0":"post-2887","1":"product","2":"type-product","3":"status-publish","4":"has-post-thumbnail","6":"product_cat-proteccion-respiratoria","7":"product_tag-3m","9":"first","10":"instock","11":"taxable","12":"shipping-taxable","13":"product-type-simple"},"_links":{"self":[{"href":"https:\/\/guanteslemus.com\/index.php?rest_route=\/wp\/v2\/product\/2887","targetHints":{"allow":["GET"]}}],"collection":[{"href":"https:\/\/guanteslemus.com\/index.php?rest_route=\/wp\/v2\/product"}],"about":[{"href":"https:\/\/guanteslemus.com\/index.php?rest_route=\/wp\/v2\/types\/product"}],"wp:featuredmedia":[{"embeddable":true,"href":"https:\/\/guanteslemus.com\/index.php?rest_route=\/wp\/v2\/media\/3886"}],"wp:attachment":[{"href":"https:\/\/guanteslemus.com\/index.php?rest_route=%2Fwp%2Fv2%2Fmedia&parent=2887"}],"wp:term":[{"taxonomy":"product_brand","embeddable":true,"href":"https:\/\/guanteslemus.com\/index.php?rest_route=%2Fwp%2Fv2%2Fproduct_brand&post=2887"},{"taxonomy":"product_cat","embeddable":true,"href":"https:\/\/guanteslemus.com\/index.php?rest_route=%2Fwp%2Fv2%2Fproduct_cat&post=2887"},{"taxonomy":"product_tag","embeddable":true,"href":"https:\/\/guanteslemus.com\/index.php?rest_route=%2Fwp%2Fv2%2Fproduct_tag&post=2887"}],"curies":[{"name":"wp","href":"https:\/\/api.w.org\/{rel}","templated":true}]}}