{"id":2085,"date":"2022-05-13T01:37:44","date_gmt":"2022-05-13T01:37:44","guid":{"rendered":"https:\/\/guanteslemus.com\/?post_type=product&#038;p=2085"},"modified":"2025-01-24T03:59:42","modified_gmt":"2025-01-24T03:59:42","slug":"casco-de-ala-ancha-con-ajustador-de-matraca-ww-2008azk","status":"publish","type":"product","link":"https:\/\/guanteslemus.com\/?product=casco-de-ala-ancha-con-ajustador-de-matraca-ww-2008azk","title":{"rendered":"Casco de ala ancha con ajustador de matraca \/ WW-2008AZK"},"content":{"rendered":"<div class=\"row\"  id=\"row-2058067640\">\n\n\t<div id=\"col-1888261046\" class=\"col medium-3 small-12 large-3\"  >\n\t\t\t\t<div class=\"col-inner\"  >\n\t\t\t\n\t<div class=\"is-border\"\n\t\tstyle=\"border-color:rgb(0, 25, 118);border-width:10px 0px 0px 0px;\">\n\t<\/div>\n\t\t\t\n<div class=\"container section-title-container\" ><h4 class=\"section-title section-title-normal\"><b aria-hidden=\"true\"><\/b><span class=\"section-title-main\" >modelo WW-2008AZK<\/span><b aria-hidden=\"true\"><\/b><\/h4><\/div>\n<p><b>Marca:<\/b><br \/><span data-sheets-value=\"{&quot;1&quot;:2,&quot;2&quot;:&quot;Jyrsa&quot;}\" data-sheets-userformat=\"{&quot;2&quot;:513,&quot;3&quot;:{&quot;1&quot;:0},&quot;12&quot;:0}\">Jyrsa<\/span><\/p>\n<p><b>Usos:<\/b><br \/><span data-sheets-value=\"{&quot;1&quot;:2,&quot;2&quot;:&quot;Petroqu\u00edmicanIndustria en generalnPetr\u00f3leonConstrucci\u00f3nnMiner\u00eda&quot;}\" data-sheets-userformat=\"{&quot;2&quot;:769,&quot;3&quot;:{&quot;1&quot;:0},&quot;11&quot;:4,&quot;12&quot;:0}\">Petroqu\u00edmica<br \/>Industria en general<br \/>Petr\u00f3leo<br \/>Construcci\u00f3n<br \/>Miner\u00eda<\/span><\/p>\n<p><b>Tallas:<\/b><br \/><span data-sheets-value=\"{&quot;1&quot;:2,&quot;2&quot;:&quot;Ajustable&quot;}\" data-sheets-userformat=\"{&quot;2&quot;:769,&quot;3&quot;:{&quot;1&quot;:0},&quot;11&quot;:4,&quot;12&quot;:0}\">Ajustable<\/span><\/p>\n<p><b>Certificaciones:<\/b><br \/><span data-sheets-value=\"{&quot;1&quot;:2,&quot;2&quot;:&quot;Norma Oficial Mexicana NOM-115-STPS-2009nANSI\/ISEA Z89.1-2009&quot;}\" data-sheets-userformat=\"{&quot;2&quot;:769,&quot;3&quot;:{&quot;1&quot;:0},&quot;11&quot;:4,&quot;12&quot;:0}\">Norma Oficial Mexicana NOM-115-STPS-2009<br \/>ANSI\/ISEA Z89.1-2009<\/span><\/p>\n\t\t<\/div>\n\t\t\t\t\n<style>\n#col-1888261046 > .col-inner {\n  padding: 10px 0px 0px 0px;\n  margin: 0px 0px 0px 0px;\n}\n<\/style>\n\t<\/div>\n\n\t\n\n\t<div id=\"col-596429103\" class=\"col medium-3 small-12 large-3\"  >\n\t\t\t\t<div class=\"col-inner\"  >\n\t\t\t\n\t<div class=\"is-border\"\n\t\tstyle=\"border-color:rgb(255, 194, 14);border-width:10px 0px 0px 0px;margin:0px 0px 0px 0;\">\n\t<\/div>\n\t\t\t\n<div class=\"container section-title-container\" ><h4 class=\"section-title section-title-normal\"><b aria-hidden=\"true\"><\/b><span class=\"section-title-main\" >Solicitar cotizaci\u00f3n<\/span><b aria-hidden=\"true\"><\/b><\/h4><\/div>\n<p>Describa los productos que necesita y en breve le haremos llegar la informaci\u00f3n a su correo.<\/p>\n\n<div class=\"wpcf7 no-js\" id=\"wpcf7-f1047-o1\" lang=\"en-US\" dir=\"ltr\" data-wpcf7-id=\"1047\">\n<div class=\"screen-reader-response\"><p role=\"status\" aria-live=\"polite\" aria-atomic=\"true\"><\/p> <ul><\/ul><\/div>\n<form action=\"\/index.php?rest_route=%2Fwp%2Fv2%2Fproduct%2F2085#wpcf7-f1047-o1\" method=\"post\" class=\"wpcf7-form init\" aria-label=\"Contact form\" novalidate=\"novalidate\" data-status=\"init\">\n<fieldset class=\"hidden-fields-container\"><input type=\"hidden\" name=\"_wpcf7\" value=\"1047\" \/><input type=\"hidden\" name=\"_wpcf7_version\" value=\"6.1.5\" \/><input type=\"hidden\" name=\"_wpcf7_locale\" value=\"en_US\" \/><input type=\"hidden\" name=\"_wpcf7_unit_tag\" value=\"wpcf7-f1047-o1\" \/><input type=\"hidden\" name=\"_wpcf7_container_post\" value=\"0\" \/><input type=\"hidden\" name=\"_wpcf7_posted_data_hash\" value=\"\" \/><input type=\"hidden\" name=\"_wpcf7_recaptcha_response\" value=\"\" \/>\n<\/fieldset>\n<div class=\"form-flat\">\n\t<p><span class=\"wpcf7-form-control-wrap\" data-name=\"your-name\"><input size=\"40\" maxlength=\"400\" class=\"wpcf7-form-control wpcf7-text wpcf7-validates-as-required\" aria-required=\"true\" aria-invalid=\"false\" placeholder=\"Nombre (*)\" value=\"\" type=\"text\" name=\"your-name\" \/><\/span>\n\t<\/p>\n\t<p><span class=\"wpcf7-form-control-wrap\" data-name=\"your-email\"><input size=\"40\" maxlength=\"400\" class=\"wpcf7-form-control wpcf7-email wpcf7-validates-as-required wpcf7-text wpcf7-validates-as-email\" aria-required=\"true\" aria-invalid=\"false\" placeholder=\"Email (*)\" value=\"\" type=\"email\" name=\"your-email\" \/><\/span>\n\t<\/p>\n\t<p><span class=\"wpcf7-form-control-wrap\" data-name=\"your-message\"><textarea cols=\"40\" rows=\"10\" maxlength=\"2000\" class=\"wpcf7-form-control wpcf7-textarea\" aria-invalid=\"false\" placeholder=\"Mensaje (*)\" name=\"your-message\"><\/textarea><\/span>\n\t<\/p>\n\t<p><input class=\"wpcf7-form-control wpcf7-submit has-spinner button\" type=\"submit\" value=\"Enviar\" \/>\n\t<\/p>\n<\/div><div class=\"wpcf7-response-output\" aria-hidden=\"true\"><\/div>\n<\/form>\n<\/div>\n\n\t\t<\/div>\n\t\t\t\t\n<style>\n#col-596429103 > .col-inner {\n  padding: 10px 0px 0px 0px;\n  margin: 0px 0px 0px 0px;\n}\n<\/style>\n\t<\/div>\n\n\t\n\n\t<div id=\"col-2038551280\" class=\"col medium-3 small-12 large-3\"  >\n\t\t\t\t<div class=\"col-inner\"  >\n\t\t\t\n\t<div class=\"is-border\"\n\t\tstyle=\"border-color:rgb(231, 231, 231);border-width:10px 0px 0px 0px;\">\n\t<\/div>\n\t\t\t\n<div class=\"container section-title-container\" ><h4 class=\"section-title section-title-normal\"><b aria-hidden=\"true\"><\/b><span class=\"section-title-main\" >Categor\u00edas<\/span><b aria-hidden=\"true\"><\/b><\/h4><\/div>\n\t<div class=\"ux-menu stack stack-col justify-start ux-menu--divider-solid\">\n\t\t\n\t<div class=\"ux-menu-link flex menu-item\">\n\t\t<a class=\"ux-menu-link__link flex\" href=\"https:\/\/guanteslemus.com\/?product_cat=guantes-textiles\" >\n\t\t\t\t\t\t<span class=\"ux-menu-link__text\">\n\t\t\t\tGuantes textiles\t\t\t<\/span>\n\t\t<\/a>\n\t<\/div>\n\t\n\t<div class=\"ux-menu-link flex menu-item\">\n\t\t<a class=\"ux-menu-link__link flex\" href=\"https:\/\/guanteslemus.com\/?product_cat=guantes-con-soporte\" >\n\t\t\t\t\t\t<span class=\"ux-menu-link__text\">\n\t\t\t\tGuantes con soporte\t\t\t<\/span>\n\t\t<\/a>\n\t<\/div>\n\t\n\t<div class=\"ux-menu-link flex menu-item\">\n\t\t<a class=\"ux-menu-link__link flex\" href=\"https:\/\/guanteslemus.com\/?product_cat=guantes-sin-soporte\" >\n\t\t\t\t\t\t<span class=\"ux-menu-link__text\">\n\t\t\t\tGuantes sin soporte\t\t\t<\/span>\n\t\t<\/a>\n\t<\/div>\n\t\n\t<div class=\"ux-menu-link flex menu-item\">\n\t\t<a class=\"ux-menu-link__link flex\" href=\"https:\/\/guanteslemus.com\/?product_cat=guantes-anticorte\" >\n\t\t\t\t\t\t<span class=\"ux-menu-link__text\">\n\t\t\t\tGuantes anticorte\t\t\t<\/span>\n\t\t<\/a>\n\t<\/div>\n\t\n\t<div class=\"ux-menu-link flex menu-item\">\n\t\t<a class=\"ux-menu-link__link flex\" href=\"https:\/\/guanteslemus.com\/?product_cat=guantes-de-piel-y-carnaza\" >\n\t\t\t\t\t\t<span class=\"ux-menu-link__text\">\n\t\t\t\tGuantes de piel y carnaza\t\t\t<\/span>\n\t\t<\/a>\n\t<\/div>\n\t\n\t<div class=\"ux-menu-link flex menu-item\">\n\t\t<a class=\"ux-menu-link__link flex\" href=\"https:\/\/guanteslemus.com\/?product_cat=guantes-desechables\" >\n\t\t\t\t\t\t<span class=\"ux-menu-link__text\">\n\t\t\t\tGuantes desechables\t\t\t<\/span>\n\t\t<\/a>\n\t<\/div>\n\t\n\t<div class=\"ux-menu-link flex menu-item\">\n\t\t<a class=\"ux-menu-link__link flex\" href=\"https:\/\/guanteslemus.com\/?product_cat=altas-temperaturas\" >\n\t\t\t\t\t\t<span class=\"ux-menu-link__text\">\n\t\t\t\tAltas Temperaturas\t\t\t<\/span>\n\t\t<\/a>\n\t<\/div>\n\t\n\t<div class=\"ux-menu-link flex menu-item\">\n\t\t<a class=\"ux-menu-link__link flex\" href=\"https:\/\/guanteslemus.com\/?product_cat=ropa-de-seguridad\" >\n\t\t\t\t\t\t<span class=\"ux-menu-link__text\">\n\t\t\t\tRopa de seguridad\t\t\t<\/span>\n\t\t<\/a>\n\t<\/div>\n\t\n\t<div class=\"ux-menu-link flex menu-item\">\n\t\t<a class=\"ux-menu-link__link flex\" href=\"https:\/\/guanteslemus.com\/?product_cat=proteccion-ocular\" >\n\t\t\t\t\t\t<span class=\"ux-menu-link__text\">\n\t\t\t\tProtecci\u00f3n Ocular\t\t\t<\/span>\n\t\t<\/a>\n\t<\/div>\n\t\n\t<div class=\"ux-menu-link flex menu-item\">\n\t\t<a class=\"ux-menu-link__link flex\" href=\"https:\/\/guanteslemus.com\/?product_cat=proteccion-auditiva\" >\n\t\t\t\t\t\t<span class=\"ux-menu-link__text\">\n\t\t\t\tProtecci\u00f3n Auditiva\t\t\t<\/span>\n\t\t<\/a>\n\t<\/div>\n\t\n\t<div class=\"ux-menu-link flex menu-item\">\n\t\t<a class=\"ux-menu-link__link flex\" href=\"https:\/\/guanteslemus.com\/?product_cat=proteccion-respiratoria\" >\n\t\t\t\t\t\t<span class=\"ux-menu-link__text\">\n\t\t\t\tProtecci\u00f3n respiratoria\t\t\t<\/span>\n\t\t<\/a>\n\t<\/div>\n\t\n\t<div class=\"ux-menu-link flex menu-item\">\n\t\t<a class=\"ux-menu-link__link flex\" href=\"https:\/\/guanteslemus.com\/?product_cat=linea-de-altura\" >\n\t\t\t\t\t\t<span class=\"ux-menu-link__text\">\n\t\t\t\tL\u00ednea de altura\t\t\t<\/span>\n\t\t<\/a>\n\t<\/div>\n\t\n\t<div class=\"ux-menu-link flex menu-item\">\n\t\t<a class=\"ux-menu-link__link flex\" href=\"https:\/\/guanteslemus.com\/?product_cat=seguridad-vial\" >\n\t\t\t\t\t\t<span class=\"ux-menu-link__text\">\n\t\t\t\tSeguridad Vial\t\t\t<\/span>\n\t\t<\/a>\n\t<\/div>\n\t\n\t<div class=\"ux-menu-link flex menu-item\">\n\t\t<a class=\"ux-menu-link__link flex\" href=\"https:\/\/guanteslemus.com\/?product_cat=calzado-de-seguridad\" >\n\t\t\t\t\t\t<span class=\"ux-menu-link__text\">\n\t\t\t\tCalzado de seguridad\t\t\t<\/span>\n\t\t<\/a>\n\t<\/div>\n\t\n\t<div class=\"ux-menu-link flex menu-item\">\n\t\t<a class=\"ux-menu-link__link flex\" href=\"https:\/\/guanteslemus.com\/?product_cat=equipo-para-la-contingencia\" >\n\t\t\t\t\t\t<span class=\"ux-menu-link__text\">\n\t\t\t\tEquipo para la contingencia\t\t\t<\/span>\n\t\t<\/a>\n\t<\/div>\n\t\n\t<\/div>\n\t\n\t\t<\/div>\n\t\t\t\t\n<style>\n#col-2038551280 > .col-inner {\n  padding: 10px 0px 0px 0px;\n}\n<\/style>\n\t<\/div>\n\n\t\n<\/div>\n","protected":false},"excerpt":{"rendered":"<h4>Mod. WW-2008AZK<\/h4>\n<p>Casco de seguridad clase \u201cE\u201d con suspensi\u00f3n pl\u00e1stica resistente a m\u00e1s de 20,000 Volts. Composici\u00f3n de 98% Polietileno, 1.5% Pigmento con base de polietileno y 0.5% Aditivo Mineral. Suspensi\u00f3n pl\u00e1stica de seis puntos. Broche ambidiestro con ajuste Fast Fit. Cojinete de foam reemplazable que absorbe la sudoraci\u00f3n. Dise\u00f1o de suspensi\u00f3n anat\u00f3mica de ajuste exacto. Color azul. Nuevo dise\u00f1o en la nuquera para evitar el desprendimiento del casco. Permite la ventilaci\u00f3n interna y se adapta a la cabeza de manera natural. Reforzado en el \u00e1rea frontal, parietal y occipital. Dise\u00f1ado para ajuste en cr\u00e1neos peque\u00f1os y grandes. Dubetina lavable. Sistema multiajuste Fast Fit patentado, con dispositivo ambidiestro.<\/p>\n<h4>DESCARGAR:<\/h4>\n<a href=\"https:\/\/guanteslemus.com\/wp-content\/uploads\/2016\/08\/ww_2008azk.pdf\" target=\"_blank\" class=\"button primary\" rel=\"noopener\" style=\"border-radius:10px;\">\n\t\t<span>Ficha t\u00e9cnica<\/span>\n\t<\/a>\n\n<a href=\"https:\/\/drive.google.com\/file\/d\/1wEDuBGNrg2RqGexM7-8amSusDMwF3X6P\/view?usp=sharing\" target=\"_blank\" class=\"button secondary\" rel=\"noopener\" style=\"border-radius:10px;\">\n\t\t<span>Cat\u00e1logo Completo<\/span>\n\t<\/a>\n\n","protected":false},"featured_media":3921,"template":"","meta":[],"product_brand":[],"product_cat":[80],"product_tag":[85],"class_list":{"0":"post-2085","1":"product","2":"type-product","3":"status-publish","4":"has-post-thumbnail","6":"product_cat-seguridad-vial","7":"product_tag-jyrsa","9":"first","10":"instock","11":"taxable","12":"shipping-taxable","13":"product-type-simple"},"_links":{"self":[{"href":"https:\/\/guanteslemus.com\/index.php?rest_route=\/wp\/v2\/product\/2085","targetHints":{"allow":["GET"]}}],"collection":[{"href":"https:\/\/guanteslemus.com\/index.php?rest_route=\/wp\/v2\/product"}],"about":[{"href":"https:\/\/guanteslemus.com\/index.php?rest_route=\/wp\/v2\/types\/product"}],"wp:featuredmedia":[{"embeddable":true,"href":"https:\/\/guanteslemus.com\/index.php?rest_route=\/wp\/v2\/media\/3921"}],"wp:attachment":[{"href":"https:\/\/guanteslemus.com\/index.php?rest_route=%2Fwp%2Fv2%2Fmedia&parent=2085"}],"wp:term":[{"taxonomy":"product_brand","embeddable":true,"href":"https:\/\/guanteslemus.com\/index.php?rest_route=%2Fwp%2Fv2%2Fproduct_brand&post=2085"},{"taxonomy":"product_cat","embeddable":true,"href":"https:\/\/guanteslemus.com\/index.php?rest_route=%2Fwp%2Fv2%2Fproduct_cat&post=2085"},{"taxonomy":"product_tag","embeddable":true,"href":"https:\/\/guanteslemus.com\/index.php?rest_route=%2Fwp%2Fv2%2Fproduct_tag&post=2085"}],"curies":[{"name":"wp","href":"https:\/\/api.w.org\/{rel}","templated":true}]}}