{"id":438,"date":"2023-12-23T02:54:56","date_gmt":"2023-12-23T02:54:56","guid":{"rendered":"https:\/\/guanteslemus.com\/?page_id=438"},"modified":"2023-12-23T02:54:56","modified_gmt":"2023-12-23T02:54:56","slug":"aviso-de-privacidad","status":"publish","type":"page","link":"https:\/\/guanteslemus.com\/?page_id=438","title":{"rendered":"Aviso de privacidad"},"content":{"rendered":"\r\n<div class=\"container section-title-container\" ><h3 class=\"section-title section-title-normal\"><b aria-hidden=\"true\"><\/b><span class=\"section-title-main\" >Aviso de Privacidad para la Protecci\u00f3n de Datos Personales<\/span><b aria-hidden=\"true\"><\/b><\/h3><\/div>\r\n\r\n<p class=\"lead\">Guantes y Protecci\u00f3n Industrial Lemus S.A. de C.V., en cumplimiento a lo dispuesto por la Ley Federal de Protecci\u00f3n de Datos Personales en Posesi\u00f3n de los Particulares y su Reglamento, hace de su conocimiento el presente Aviso de Privacidad.<\/p>\r\n<h3>Responsable de los Datos Personales Recabados y Datos de Contacto<\/h3>\r\n<p class=\"p1\">Guantes y Protecci\u00f3n Industrial Lemus S.A. de C.V, con domicilio en Lirios #308,Col. La Florida. Naucalpan, Estado de M\u00e9xico. C.P. 53160. M\u00e9xico, es el responsable de los datos personales recabados. Si usted desea acceder, corregir o eliminar cualquiera de sus datos personales, puede hacerlo a trav\u00e9s de cualquiera de las siguientes v\u00edas:<br \/>1. Puede escribirnos al correo <a href=\"mailto:ofertas@guanteslemus.com\"><span class=\"s1\">ofertas@guanteslemus.com<\/span><\/a><br \/>2. Puede enviarnos un correo postal a la direcci\u00f3n Lirios #308,Col. La Florida. Naucalpan, Estado de M\u00e9xico. C.P. 53160. M\u00e9xico.<br \/><br \/>3. Puede llamarnos a los tel\u00e9fonos: 55 5374 1755 y 55 7155 5813<\/p>\r\n<h3>\u00bfQu\u00e9 tipo de informaci\u00f3n recabamos?<\/h3>\r\n<p>Recibimos y almacenamos aquella informaci\u00f3n que el usuario nos haga llegar a trav\u00e9s de los formularios de Contacto y Cotizaci\u00f3n alojados en www.guanteslemus.com. Esta informaci\u00f3n incluye su Nombre, su correo electr\u00f3nico y el texto que usted escriba en el recuadro \u201cMensaje\u201d.<\/p>\r\n<h3>\u00bfC\u00f3mo recopilamos informaci\u00f3n?<\/h3>\r\n<p>A trav\u00e9s de los formularios de Contacto y Cotizaci\u00f3n alojados en www.guanteslemus.com. Cabe se\u00f1alar, que si usted no utiliza estos formularios, Guantes y Protecci\u00f3n Industrial Lemus S.A. de C.V. no recabar\u00e1 ni almacenar\u00e1 dato alguno.<\/p>\r\n<h3>\u00bfPorqu\u00e9 recabamos esta informaci\u00f3n?<\/h3>\r\n<p>Recibimos y recabamos su Nombre y su correo electr\u00f3nico para poder dar atenci\u00f3n y seguimiento a la cotizaci\u00f3n de productos que nos solicite a trav\u00e9s de los formularios de Contacto y Cotizaci\u00f3n alojados en www.guanteslemus.com.<br \/>Adicionalmente utilizamos esta informaci\u00f3n para contactar a nuestros visitantes y usuarios con avisos generales y mensajes promocionales.<\/p>\r\n<h3>\u00bfCon qu\u00e9 otras empresas compartimos su informaci\u00f3n?<\/h3>\r\n<p>Guantes y Protecci\u00f3n Industrial Lemus S.A. de C.V. no comparte la informaci\u00f3n recabada con empresa o particular alguno. El uso de la informaci\u00f3n se\u00f1alada es \u00fanicamente para uso interno en los t\u00e9rminos descritos anteriormente.<\/p>\r\n<h3>\u00bfC\u00f3mo almacenamos su informaci\u00f3n?<\/h3>\r\n<p>Su informaci\u00f3n se almacena en los servidores de la empresa que nos brinda el servicio de alojamiento: Suempresa.com. Utilizamos todas las herramientas a nuestro alcance para garantizar la seguridad de sus datos. Adicionalmente contamos con un certificado de seguridad SSL emitido por AlphaSSL.<\/p>\r\n<h3>\u00bfC\u00f3mo nos comunicamos con los usuarios?<\/h3>\r\n<p>Podemos comunicarnos con el usuario para dar respuesta a una solicitud de informaci\u00f3n o la cotizaci\u00f3n de productos solicitados. Tambi\u00e9n podr\u00e9mos comunicarnos para informar cambios importantes en nuestras pol\u00edticas de privacidad. Adem\u00e1s podemos utilizamos esta informaci\u00f3n para informar a los usuarios sobre promociones y ofertas. Si usted desea dejar de recibir esta informaci\u00f3n, ponemos a su disposici\u00f3n las siguientes opciones:<br \/>1. Puede escribirnos al correo <a href=\"mailto:ofertas@guanteslemus.com\"><span class=\"s1\">ofertas@guanteslemus.com<\/span><\/a> con el Asunto: Desuscribir.<br \/>2. Puede enviarnos un correo postal a la direcci\u00f3n Lirios #308,Col. La Florida. Naucalpan, Estado de M\u00e9xico. C.P. 53160. M\u00e9xico.<br \/>3. Puede llamarnos a los tel\u00e9fonos: 55 5374 1755 y 55 7155 5813<br \/>4. Puede hacer clic en el v\u00ednculo \u201cDesuscribirse\u201d incluido en cualquiera de los boletines informativos que enviamos a su correo.<\/p>\r\n<h3>Uso de Cookies y otras herramientas de segumiento<\/h3>\r\n<p>Nuestra p\u00e1gina www.guanteslemus.com solo utiliza cookies que definen su funcionamiento como \u201cConexiones seguras al mismo sitio \u00fanicamente\u201d. Las cookies que usamos son \u00fanicamente para garantizar el acceso seguro a www.guanteslemus.com. No utilizamos cookies de rastreo o segumiento, ni recabamos informaci\u00f3n sin su consentimiento.<\/p>\r\n<h3>C\u00f3mo retirar su consentimiento al manejo de su informaci\u00f3n<\/h3>\r\n<p>El usuario puede revocar su consentimiento para el tratamiento o almacenamiento de sus datos personales en cualquier momento. Puede tambi\u00e9n limitar su uso, acceder a ellos, as\u00ed como oponerse a su tratamiento en su totalidad o para fines espec\u00edficos. Para ello, el usuario debe contactar a Guantes y Protecci\u00f3n Industrial Lemus S.A. de C.V. por las siguientes v\u00edas:<br \/>1. Puede escribirnos al correo ofertas@guanteslemus.com<br \/>2. Puede enviarnos un correo postal a la direcci\u00f3n Lirios #308,Col. La Florida. Naucalpan, Estado de M\u00e9xico. C.P. 53160. M\u00e9xico.<br \/>3. Puede llamarnos a los tel\u00e9fonos: 55 5374 1755 y 55 7155 5813<br \/>A trav\u00e9s de cualquiera de estas v\u00edas el Usuario deber\u00e1 se\u00f1alar que desea revocar su consentimiento para el tratamiento de sus datos personales. Guantes Industriales Lemus S.A. de C.V. se compromete a cumplir su solicitud en un plazo no mayor a 5 d\u00edas h\u00e1biles.<\/p>\r\n<h3>Actualizaciones de Pol\u00edtica de Privacidad<\/h3>\r\n<p>Guantes Industriales Lemus S.A. de C.V. se reserva el derecho de modificar su Pol\u00edtica de Privacidad en cualquier momento. Le recomendamos a nuestros usuarios revisarla frecuentemente. Los cambios y actualizaciones a nuestra Pol\u00edtica de Privacidad tendr\u00e1n efecto inmediatamente despu\u00e9s de su pubicaci\u00f3n en www.guanteslemus.com. En caso de hacer cambios sustanciales en nuestras pol\u00edticas, notificaremos de ello a nuestro usuarios a trav\u00e9s de correo electr\u00f3nico.<\/p>\r\n<h3>Dudas y Aclaraciones<\/h3>\r\n<p>Si usted desea acceder, corregir o eliminar cualquiera de sus datos personales, puede hacerlo a trav\u00e9s de cualquiera de las siguientes v\u00edas:<br \/>1. Puede escribirnos al correo ofertas@guanteslemus.com<br \/>2. Puede enviarnos un correo postal a la direcci\u00f3n Lirios #308,Col. La Florida. Naucalpan, Estado de M\u00e9xico. C.P. 53160. M\u00e9xico.<br \/>3. Puede llamarnos a los tel\u00e9fonos: 55 5374 1755 y 55 7155 5813<\/p>\r\n\r\n","protected":false},"excerpt":{"rendered":"","protected":false},"author":82,"featured_media":0,"parent":0,"menu_order":21,"comment_status":"closed","ping_status":"closed","template":"","meta":{"footnotes":""},"class_list":["post-438","page","type-page","status-publish","hentry"],"_links":{"self":[{"href":"https:\/\/guanteslemus.com\/index.php?rest_route=\/wp\/v2\/pages\/438","targetHints":{"allow":["GET"]}}],"collection":[{"href":"https:\/\/guanteslemus.com\/index.php?rest_route=\/wp\/v2\/pages"}],"about":[{"href":"https:\/\/guanteslemus.com\/index.php?rest_route=\/wp\/v2\/types\/page"}],"author":[{"embeddable":true,"href":"https:\/\/guanteslemus.com\/index.php?rest_route=\/wp\/v2\/users\/82"}],"replies":[{"embeddable":true,"href":"https:\/\/guanteslemus.com\/index.php?rest_route=%2Fwp%2Fv2%2Fcomments&post=438"}],"version-history":[{"count":1,"href":"https:\/\/guanteslemus.com\/index.php?rest_route=\/wp\/v2\/pages\/438\/revisions"}],"predecessor-version":[{"id":2970,"href":"https:\/\/guanteslemus.com\/index.php?rest_route=\/wp\/v2\/pages\/438\/revisions\/2970"}],"wp:attachment":[{"href":"https:\/\/guanteslemus.com\/index.php?rest_route=%2Fwp%2Fv2%2Fmedia&parent=438"}],"curies":[{"name":"wp","href":"https:\/\/api.w.org\/{rel}","templated":true}]}}