{"id":431,"date":"2023-12-23T02:54:55","date_gmt":"2023-12-23T02:54:55","guid":{"rendered":"https:\/\/guanteslemus.com\/?page_id=431"},"modified":"2023-12-23T02:54:55","modified_gmt":"2023-12-23T02:54:55","slug":"historia","status":"publish","type":"page","link":"https:\/\/guanteslemus.com\/?page_id=431","title":{"rendered":"Historia"},"content":{"rendered":"\r\n<div class=\"container section-title-container\" ><h1 class=\"section-title section-title-normal\"><b aria-hidden=\"true\"><\/b><span class=\"section-title-main\" >Historia<\/span><b aria-hidden=\"true\"><\/b><\/h1><\/div>\r\n\r\n<p class=\"lead\"> Estamos festejando 60 a\u00f1os de Guantes Lemus. Y lo hacemos de la \u00fanica forma que sabemos: innovando y trabajando duro para servir a nuestros clientes. <\/p>\r\n<p> Guantes Lemus es una empresa mexicana fundada hace m\u00e1s de 60 a\u00f1os por Don Benigno Lemus Canales. Desde su fundaci\u00f3n se ha dedicado a la fabricaci\u00f3n y distribuci\u00f3n de guantes y ropa industrial de carnaza, piel, lona, asbesto, entre otros. Nuestro constante esfuerzo y el acelerado crecimiento de la industria han propiciado que Guantes Lemus forme alianzas con las mejores marcas fabricantes de material de protecci\u00f3n industrial, lo que nos permite ofrecerle un m\u00e1s vasto cat\u00e1logo de productos; todos de primera calidad.<br \/>\r\nDe esta forma nuestro cat\u00e1logo y campo de experiencia se han ampliado hacia nuevos materiales y nuevas tecnolog\u00edas que permiten mejorar nuestros productos. Nuestros esfuerzos se encaminan a garantizar la seguridad de sus trabajadores en el \u00e1rea de trabajo y de esta forma contribuir a la productividad de su negocio.<br \/>\r\nGuantes Lemus ha probado no s\u00f3lo su presencia en el mercado sino su consolidaci\u00f3n como uno de los pilares en nuestro campo. Nuestra infraestructura ha crecido y ello nos permite atender pedidos de todos tama\u00f1os, entregar su orden r\u00e1pida y eficazmente en su negocio y desarrollar los productos que su empresa necesita. Por estas y muchas otras razones lo invitamos a conocer nuestros servicios. Ser\u00e1 un placer atenderle. <\/p>\r\n<blockquote><p> \u201cCumplir 60 a\u00f1os es un logro que nos enorgullece. Vivir el momento actual, ver todos los avances tecnol\u00f3gicos y la forma en que van a beneficiar a nuestra industria es un privilegio y un reto que nos emociona enfrentar en beneficio de nuestros clientes. \u00a1Muchas gracias por su preferencia!.\u201d\r\n<\/p><\/blockquote>\r\n<h3>Ana Mar\u00eda Lemus<\/h3>\r\n\r\n","protected":false},"excerpt":{"rendered":"","protected":false},"author":82,"featured_media":0,"parent":0,"menu_order":19,"comment_status":"closed","ping_status":"closed","template":"","meta":{"footnotes":""},"class_list":["post-431","page","type-page","status-publish","hentry"],"_links":{"self":[{"href":"https:\/\/guanteslemus.com\/index.php?rest_route=\/wp\/v2\/pages\/431","targetHints":{"allow":["GET"]}}],"collection":[{"href":"https:\/\/guanteslemus.com\/index.php?rest_route=\/wp\/v2\/pages"}],"about":[{"href":"https:\/\/guanteslemus.com\/index.php?rest_route=\/wp\/v2\/types\/page"}],"author":[{"embeddable":true,"href":"https:\/\/guanteslemus.com\/index.php?rest_route=\/wp\/v2\/users\/82"}],"replies":[{"embeddable":true,"href":"https:\/\/guanteslemus.com\/index.php?rest_route=%2Fwp%2Fv2%2Fcomments&post=431"}],"version-history":[{"count":1,"href":"https:\/\/guanteslemus.com\/index.php?rest_route=\/wp\/v2\/pages\/431\/revisions"}],"predecessor-version":[{"id":2967,"href":"https:\/\/guanteslemus.com\/index.php?rest_route=\/wp\/v2\/pages\/431\/revisions\/2967"}],"wp:attachment":[{"href":"https:\/\/guanteslemus.com\/index.php?rest_route=%2Fwp%2Fv2%2Fmedia&parent=431"}],"curies":[{"name":"wp","href":"https:\/\/api.w.org\/{rel}","templated":true}]}}