{"id":425,"date":"2023-12-23T02:54:55","date_gmt":"2023-12-23T02:54:55","guid":{"rendered":"https:\/\/guanteslemus.com\/?page_id=425"},"modified":"2023-12-30T04:10:35","modified_gmt":"2023-12-30T04:10:35","slug":"norma-europea","status":"publish","type":"page","link":"https:\/\/guanteslemus.com\/?page_id=425","title":{"rendered":"Norma Europea"},"content":{"rendered":"\n<div class=\"container section-title-container\" ><h3 class=\"section-title section-title-normal\"><b aria-hidden=\"true\"><\/b><span class=\"section-title-main\" >NORMA EUROPEA<\/span><b aria-hidden=\"true\"><\/b><\/h3><\/div>\n\n<p class=\"lead\"> Los guantes de trabajo, al igual que el resto de equipos de protecci\u00f3n personal, se clasifican en tres categor\u00edas: <\/p>\n<h3>Categor\u00eda 1<\/h3>\n<p> Guantes que por su dise\u00f1o sencillo, el usuario puede juzgar por si mismo su eficacia contra riesgos m\u00ednimos y cuyos efectos, cuando sean graduables, puedan ser percibidos a tiempo y sin peligro para el usuario: Agresiones mec\u00e1nicas superficiales, productos de mantenimiento cuyos efectos sean f\u00e1cilmente reversibles, choques y vibraciones que no afecten a las partes vitales. <\/p>\n<h3>Categor\u00eda 2<\/h3>\n<p class=\"p1\">Guantes destinados a evitar riesgos de todo tipo que no pudieran llegar a causar lesiones muy graves (riesgos intermedios).<\/p>\n<ul>\n<li class=\"p1\">Estos guantes han de superar, adem\u00e1s de la EN388, la norma pactada que regule el riesgo frente al que se recomiende en ese guante.<\/li>\n<li class=\"p1\">El marcado que han de llevar los guantes bajo categor\u00eda 2, es:<\/li>\n<\/ul>\n<p class=\"p1\" style=\"padding-left: 40px;\"><span style=\"background-color: #ffffff;\"><em>-Identificaci\u00f3n del fabricante.<\/em><\/span><\/p>\n<p class=\"p1\" style=\"padding-left: 40px;\"><span style=\"background-color: #ffffff;\"><em>-Pictograma del riesgo frente al que se recomienda.<\/em><\/span><\/p>\n<p class=\"p1\" style=\"padding-left: 40px;\"><span style=\"background-color: #ffffff;\"><em>-Niveles de resistencia.<\/em><\/span><\/p>\n<p class=\"p1\" style=\"padding-left: 40px;\"><span style=\"background-color: #ffffff;\"><em>-Modelo o referencia.<\/em><\/span><\/p>\n<p class=\"p1\" style=\"padding-left: 40px;\"><span style=\"background-color: #ffffff;\"><em>-Talla.<\/em><\/span><\/p>\n<p class=\"p1\" style=\"padding-left: 40px;\"><span style=\"background-color: #ffffff;\"><em>-Pictograma relativo.<\/em><\/span><\/p>\n<p class=\"p1\" style=\"padding-left: 40px;\"><span style=\"background-color: #ffffff;\"><em>-Marcado CE.<\/em><\/span><\/p>\n<ul>\n<li class=\"p1\">La conformidad con la norma ha de ser hecha por un laboratorio notificado por la CE, emitiendo un certificado CE (Comunidad europea).<\/li>\n<\/ul>\n<h3>Categor\u00eda 3<\/h3>\n<p class=\"p1\">Guantes destinados a proteger al usuario de un peligro mortal o que pueda da\u00f1ar gravemente y de forma irreversible la salud, sin que se pueda descubrir a tiempo su efecto inmediato. Estos guantes han de superar, adem\u00e1s de la EN388, la norma pactada que regule el riesgo frente al que se recomiende en ese guante. El marcado que han de llevar los guantes bajo categor\u00eda 3, es:<\/p>\n<ul>\n<li class=\"p1\">Identificaci\u00f3n del fabricante.<\/li>\n<li class=\"p1\">Pictograma del riesgo frente al que se recomienda.<\/li>\n<li class=\"p1\">Niveles de resistencia.<\/li>\n<li class=\"p1\">Modelo o referencia.<\/li>\n<li class=\"p1\">Talla.<\/li>\n<li class=\"p1\">Pictograma.<\/li>\n<li class=\"p1\">Marcado CE m\u00e1s el n\u00famero de identificaci\u00f3n del Organismo de control notificado encargado del control de calidad CE en la fase de producci\u00f3n.<\/li>\n<\/ul>\n<div class=\"row\"  id=\"row-2101352235\">\n\n\n\t<div id=\"col-35626288\" class=\"col medium-2 small-12 large-2\"  >\n\t\t\t\t<div class=\"col-inner\"  >\n\t\t\t\n\t<div class=\"is-border\"\n\t\tstyle=\"border-width:0px 0px 0px 0px;\">\n\t<\/div>\n\t\t\t\n\n\t<div id=\"text-162871570\" class=\"text\">\n\t\t\n\n<h3>Pictograma<\/h3>\n\t\t\n<style>\n#text-162871570 {\n  text-align: left;\n}\n<\/style>\n\t<\/div>\n\t\n<div class=\"is-divider divider clearfix\" style=\"max-width:100px;\"><\/div>\n\n\t<div class=\"img has-hover x md-x lg-x y md-y lg-y\" id=\"image_1650822213\">\n\t\t\t\t\t\t\t\t<div class=\"img-inner dark\" >\n\t\t\t<img decoding=\"async\" src=\"https:\/\/guanteslemus.com\/wp-content\/uploads\/2023\/12\/cert_meca-1.svg\" class=\"attachment-original size-original\" alt=\"\" \/>\t\t\t\t\t\t\n\t\t\t\t\t<\/div>\n\t\t\t\t\t\t\t\t\n<style>\n#image_1650822213 {\n  width: 45%;\n}\n<\/style>\n\t<\/div>\n\t\n\n\n\t\t<\/div>\n\t\t\t\t\t<\/div>\n\n\t\n\n\t<div id=\"col-1827061741\" class=\"col medium-2 small-12 large-2\"  >\n\t\t\t\t<div class=\"col-inner\"  >\n\t\t\t\n\t<div class=\"is-border\"\n\t\tstyle=\"border-width:0px 0px 0px 0px;\">\n\t<\/div>\n\t\t\t\n\n\t<div id=\"text-2703891938\" class=\"text\">\n\t\t\n\n<h3>Norma<\/h3>\n\t\t\n<style>\n#text-2703891938 {\n  text-align: center;\n}\n<\/style>\n\t<\/div>\n\t\n<div class=\"text-center\"><div class=\"is-divider divider clearfix\" style=\"max-width:100px;\"><\/div><\/div>\n\n\t<div id=\"text-2413848125\" class=\"text\">\n\t\t\n\n<p>EN 388<\/p>\n\t\t\n<style>\n#text-2413848125 {\n  text-align: center;\n}\n<\/style>\n\t<\/div>\n\t\n\n\t\t<\/div>\n\t\t\t\t\t<\/div>\n\n\t\n\n\t<div id=\"col-2008416895\" class=\"col medium-8 small-12 large-8\"  >\n\t\t\t\t<div class=\"col-inner\"  >\n\t\t\t\n\t<div class=\"is-border\"\n\t\tstyle=\"border-width:0px 0px 0px 0px;\">\n\t<\/div>\n\t\t\t\n\n\t<div id=\"text-2343037644\" class=\"text\">\n\t\t\n\n<h3>Descripci\u00f3n<\/h3>\n\t\t\n<style>\n#text-2343037644 {\n  text-align: center;\n}\n<\/style>\n\t<\/div>\n\t\n<div class=\"text-center\"><div class=\"is-divider divider clearfix\" style=\"max-width:600px;\"><\/div><\/div>\n\n\t<div id=\"text-3042782632\" class=\"text\">\n\t\t\n\n<p>Riesgo mec\u00e1nico. Abrasi\u00f3n, corte, rasgado y perforaci\u00f3n. M\u00e1ximo nivel de resistencia: 4 (excepto al corte que es el nivel 5).<\/p>\n\t\t\n<style>\n#text-3042782632 {\n  text-align: center;\n}\n<\/style>\n\t<\/div>\n\t\n\n\t\t<\/div>\n\t\t\t\t\t<\/div>\n\n\t\n\n<\/div>\n<div class=\"row\"  id=\"row-949018387\">\n\n\n\t<div id=\"col-823773755\" class=\"col medium-2 small-12 large-2\"  >\n\t\t\t\t<div class=\"col-inner\"  >\n\t\t\t\n\t<div class=\"is-border\"\n\t\tstyle=\"border-width:0px 0px 0px 0px;\">\n\t<\/div>\n\t\t\t\n\n\t<div class=\"img has-hover x md-x lg-x y md-y lg-y\" id=\"image_2054548490\">\n\t\t\t\t\t\t\t\t<div class=\"img-inner dark\" >\n\t\t\t<img loading=\"lazy\" decoding=\"async\" width=\"1\" height=\"1\" src=\"https:\/\/guanteslemus.com\/wp-content\/uploads\/2023\/12\/cert_quim.svg\" class=\"attachment-large size-large\" alt=\"\" \/>\t\t\t\t\t\t\n\t\t\t\t\t<\/div>\n\t\t\t\t\t\t\t\t\n<style>\n#image_2054548490 {\n  width: 45%;\n}\n<\/style>\n\t<\/div>\n\t\n\n\n\t\t<\/div>\n\t\t\t\t\t<\/div>\n\n\t\n\n\t<div id=\"col-420844933\" class=\"col medium-2 small-12 large-2\"  >\n\t\t\t\t<div class=\"col-inner\"  >\n\t\t\t\n\t<div class=\"is-border\"\n\t\tstyle=\"border-width:0px 0px 0px 0px;\">\n\t<\/div>\n\t\t\t\n\n\t<div id=\"text-2172757442\" class=\"text\">\n\t\t\n\n<p>EN 374<\/p>\n\t\t\n<style>\n#text-2172757442 {\n  text-align: center;\n}\n<\/style>\n\t<\/div>\n\t\n\n\t\t<\/div>\n\t\t\t\t\t<\/div>\n\n\t\n\n\t<div id=\"col-386176881\" class=\"col medium-8 small-12 large-8\"  >\n\t\t\t\t<div class=\"col-inner\"  >\n\t\t\t\n\t<div class=\"is-border\"\n\t\tstyle=\"border-width:0px 0px 0px 0px;\">\n\t<\/div>\n\t\t\t\n\n\t<div id=\"text-3741674370\" class=\"text\">\n\t\t\n\n<p>Riesgo qu\u00edmico. -EN 374-2 Resistencia a la penetraci\u00f3n (Microorganismos) -EN374-3 Resistencia a la permeabilidad Niveles de resistencia alcanzados frente a una serie de sustancias determinadas e identificadas mediante una letra, al menos han de alcanzar un nivel de resistencia 2 frente a 3 sustancias de esa tabla, tales como Metanol (A), Acetona (B).<\/p>\n\t\t\n<style>\n#text-3741674370 {\n  text-align: center;\n}\n<\/style>\n\t<\/div>\n\t\n\n\t\t<\/div>\n\t\t\t\t\t<\/div>\n\n\t\n\n<\/div>\n<div class=\"row\"  id=\"row-401534055\">\n\n\n\t<div id=\"col-567119915\" class=\"col medium-2 small-12 large-2\"  >\n\t\t\t\t<div class=\"col-inner\"  >\n\t\t\t\n\t<div class=\"is-border\"\n\t\tstyle=\"border-width:0px 0px 0px 0px;\">\n\t<\/div>\n\t\t\t\n\n\t<div class=\"img has-hover x md-x lg-x y md-y lg-y\" id=\"image_71935764\">\n\t\t\t\t\t\t\t\t<div class=\"img-inner dark\" >\n\t\t\t<img loading=\"lazy\" decoding=\"async\" width=\"1\" height=\"1\" src=\"https:\/\/guanteslemus.com\/wp-content\/uploads\/2023\/12\/cert_calor.svg\" class=\"attachment-large size-large\" alt=\"\" \/>\t\t\t\t\t\t\n\t\t\t\t\t<\/div>\n\t\t\t\t\t\t\t\t\n<style>\n#image_71935764 {\n  width: 45%;\n}\n<\/style>\n\t<\/div>\n\t\n\n\n\t\t<\/div>\n\t\t\t\t\t<\/div>\n\n\t\n\n\t<div id=\"col-1094507635\" class=\"col medium-2 small-12 large-2\"  >\n\t\t\t\t<div class=\"col-inner\"  >\n\t\t\t\n\t<div class=\"is-border\"\n\t\tstyle=\"border-width:0px 0px 0px 0px;\">\n\t<\/div>\n\t\t\t\n\n\t<div id=\"text-380861236\" class=\"text\">\n\t\t\n\n<p>EN 407<\/p>\n\t\t\n<style>\n#text-380861236 {\n  text-align: center;\n}\n<\/style>\n\t<\/div>\n\t\n\n\t\t<\/div>\n\t\t\t\t\t<\/div>\n\n\t\n\n\t<div id=\"col-261188676\" class=\"col medium-8 small-12 large-8\"  >\n\t\t\t\t<div class=\"col-inner\"  >\n\t\t\t\n\t<div class=\"is-border\"\n\t\tstyle=\"border-width:0px 0px 0px 0px;\">\n\t<\/div>\n\t\t\t\n\n\t<div id=\"text-3433406044\" class=\"text\">\n\t\t\n\n<p>Riesgo t\u00e9rmico (temperatura entre 50\u00b0C y 100\u00b0C). Inflamabilidad, calor por contacto, calor convectivo, calor radiante, peque\u00f1as salpicaduras de metales fundidos, grandes masas de metales fundidos.<\/p>\n\t\t\n<style>\n#text-3433406044 {\n  text-align: center;\n}\n<\/style>\n\t<\/div>\n\t\n\n\t\t<\/div>\n\t\t\t\t\t<\/div>\n\n\t\n\n<\/div>\n<div class=\"row\"  id=\"row-1561612123\">\n\n\n\t<div id=\"col-2136300177\" class=\"col medium-2 small-12 large-2\"  >\n\t\t\t\t<div class=\"col-inner\"  >\n\t\t\t\n\t<div class=\"is-border\"\n\t\tstyle=\"border-width:0px 0px 0px 0px;\">\n\t<\/div>\n\t\t\t\n\n\t<div class=\"img has-hover x md-x lg-x y md-y lg-y\" id=\"image_407708116\">\n\t\t\t\t\t\t\t\t<div class=\"img-inner dark\" >\n\t\t\t<img loading=\"lazy\" decoding=\"async\" width=\"1\" height=\"1\" src=\"https:\/\/guanteslemus.com\/wp-content\/uploads\/2023\/12\/cert_xi.svg\" class=\"attachment-large size-large\" alt=\"\" \/>\t\t\t\t\t\t\n\t\t\t\t\t<\/div>\n\t\t\t\t\t\t\t\t\n<style>\n#image_407708116 {\n  width: 45%;\n}\n<\/style>\n\t<\/div>\n\t\n\n\n\t\t<\/div>\n\t\t\t\t\t<\/div>\n\n\t\n\n\t<div id=\"col-468148680\" class=\"col medium-2 small-12 large-2\"  >\n\t\t\t\t<div class=\"col-inner\"  >\n\t\t\t\n\t<div class=\"is-border\"\n\t\tstyle=\"border-width:0px 0px 0px 0px;\">\n\t<\/div>\n\t\t\t\n\n\t<div id=\"text-3971631699\" class=\"text\">\n\t\t\n\n<p>EN 511<\/p>\n\t\t\n<style>\n#text-3971631699 {\n  text-align: center;\n}\n<\/style>\n\t<\/div>\n\t\n\n\t\t<\/div>\n\t\t\t\t\t<\/div>\n\n\t\n\n\t<div id=\"col-864244025\" class=\"col medium-8 small-12 large-8\"  >\n\t\t\t\t<div class=\"col-inner\"  >\n\t\t\t\n\t<div class=\"is-border\"\n\t\tstyle=\"border-width:0px 0px 0px 0px;\">\n\t<\/div>\n\t\t\t\n\n\t<div id=\"text-1849640166\" class=\"text\">\n\t\t\n\n<p>Riesgos por fr\u00edo (hasta -50\u00b0C). Fr\u00edo convectivo, fr\u00edo de contacto, impermeabilidad al agua.<\/p>\n\t\t\n<style>\n#text-1849640166 {\n  text-align: center;\n}\n<\/style>\n\t<\/div>\n\t\n\n\t\t<\/div>\n\t\t\t\t\t<\/div>\n\n\t\n\n<\/div>\n<div class=\"row\"  id=\"row-775424765\">\n\n\n\t<div id=\"col-663600898\" class=\"col medium-2 small-12 large-2\"  >\n\t\t\t\t<div class=\"col-inner\"  >\n\t\t\t\n\t<div class=\"is-border\"\n\t\tstyle=\"border-width:0px 0px 0px 0px;\">\n\t<\/div>\n\t\t\t\n\n\t<div class=\"img has-hover x md-x lg-x y md-y lg-y\" id=\"image_1252663472\">\n\t\t\t\t\t\t\t\t<div class=\"img-inner dark\" >\n\t\t\t<img loading=\"lazy\" decoding=\"async\" width=\"1\" height=\"1\" src=\"https:\/\/guanteslemus.com\/wp-content\/uploads\/2023\/12\/cert_calor.svg\" class=\"attachment-large size-large\" alt=\"\" \/>\t\t\t\t\t\t\n\t\t\t\t\t<\/div>\n\t\t\t\t\t\t\t\t\n<style>\n#image_1252663472 {\n  width: 45%;\n}\n<\/style>\n\t<\/div>\n\t\n\n\n\t\t<\/div>\n\t\t\t\t\t<\/div>\n\n\t\n\n\t<div id=\"col-297692854\" class=\"col medium-2 small-12 large-2\"  >\n\t\t\t\t<div class=\"col-inner\"  >\n\t\t\t\n\t<div class=\"is-border\"\n\t\tstyle=\"border-width:0px 0px 0px 0px;\">\n\t<\/div>\n\t\t\t\n\n\t<div id=\"text-1922001940\" class=\"text\">\n\t\t\n\n<p>EN 12477<\/p>\n\t\t\n<style>\n#text-1922001940 {\n  text-align: center;\n}\n<\/style>\n\t<\/div>\n\t\n\n\t\t<\/div>\n\t\t\t\t\t<\/div>\n\n\t\n\n\t<div id=\"col-882870023\" class=\"col medium-8 small-12 large-8\"  >\n\t\t\t\t<div class=\"col-inner\"  >\n\t\t\t\n\t<div class=\"is-border\"\n\t\tstyle=\"border-width:0px 0px 0px 0px;\">\n\t<\/div>\n\t\t\t\n\n\t<div id=\"text-3317034349\" class=\"text\">\n\t\t\n\n<p>Riesgos por soldadura. Se clasifican en dos tipos. Tipo A y Tipo B. Se han de probar para las normas EN388 (riesgos mec\u00e1nicos) y EN407 (riesgos t\u00e9rmicos) y pasar unos niveles m\u00ednimos para cada una de las normas. Estos niveles y la destreza nos dar\u00e1n el tipo de guante. En general se recomienda usar los guantes Tipo B en los trabajos donde sea necesario un alto nivel de destreza (por ejemplo: soldadura tipo TIG).<\/p>\n\t\t\n<style>\n#text-3317034349 {\n  text-align: center;\n}\n<\/style>\n\t<\/div>\n\t\n\n\t\t<\/div>\n\t\t\t\t\t<\/div>\n\n\t\n\n<\/div>\n<div class=\"row\"  id=\"row-1535539493\">\n\n\n\t<div id=\"col-1749814800\" class=\"col medium-2 small-12 large-2\"  >\n\t\t\t\t<div class=\"col-inner\"  >\n\t\t\t\n\t<div class=\"is-border\"\n\t\tstyle=\"border-width:0px 0px 0px 0px;\">\n\t<\/div>\n\t\t\t\n\n\t<div class=\"img has-hover x md-x lg-x y md-y lg-y\" id=\"image_1292976918\">\n\t\t\t\t\t\t\t\t<div class=\"img-inner dark\" >\n\t\t\t<img loading=\"lazy\" decoding=\"async\" width=\"1\" height=\"1\" src=\"https:\/\/guanteslemus.com\/wp-content\/uploads\/2023\/12\/cert_xliv.svg\" class=\"attachment-large size-large\" alt=\"\" \/>\t\t\t\t\t\t\n\t\t\t\t\t<\/div>\n\t\t\t\t\t\t\t\t\n<style>\n#image_1292976918 {\n  width: 45%;\n}\n<\/style>\n\t<\/div>\n\t\n\n\n\t\t<\/div>\n\t\t\t\t\t<\/div>\n\n\t\n\n\t<div id=\"col-514164517\" class=\"col medium-2 small-12 large-2\"  >\n\t\t\t\t<div class=\"col-inner\"  >\n\t\t\t\n\t<div class=\"is-border\"\n\t\tstyle=\"border-width:0px 0px 0px 0px;\">\n\t<\/div>\n\t\t\t\n\n\t<div id=\"text-3567011804\" class=\"text\">\n\t\t\n\n<p>EN 1082-1<\/p>\n\t\t\n<style>\n#text-3567011804 {\n  text-align: center;\n}\n<\/style>\n\t<\/div>\n\t\n\n\t\t<\/div>\n\t\t\t\t\t<\/div>\n\n\t\n\n\t<div id=\"col-1271051067\" class=\"col medium-8 small-12 large-8\"  >\n\t\t\t\t<div class=\"col-inner\"  >\n\t\t\t\n\t<div class=\"is-border\"\n\t\tstyle=\"border-width:0px 0px 0px 0px;\">\n\t<\/div>\n\t\t\t\n\n\t<div id=\"text-4147128347\" class=\"text\">\n\t\t\n\n<p>Riesgos por cortes y pinchazos producidos por cuchillos de mano.<\/p>\n\t\t\n<style>\n#text-4147128347 {\n  text-align: center;\n}\n<\/style>\n\t<\/div>\n\t\n\n\t\t<\/div>\n\t\t\t\t\t<\/div>\n\n\t\n\n<\/div>\n<div class=\"row\"  id=\"row-1210872968\">\n\n\n\t<div id=\"col-792721126\" class=\"col medium-2 small-12 large-2\"  >\n\t\t\t\t<div class=\"col-inner\"  >\n\t\t\t\n\t<div class=\"is-border\"\n\t\tstyle=\"border-width:0px 0px 0px 0px;\">\n\t<\/div>\n\t\t\t\n\n\t<div class=\"img has-hover x md-x lg-x y md-y lg-y\" id=\"image_1039027832\">\n\t\t\t\t\t\t\t\t<div class=\"img-inner dark\" >\n\t\t\t<img loading=\"lazy\" decoding=\"async\" width=\"1\" height=\"1\" src=\"https:\/\/guanteslemus.com\/wp-content\/uploads\/2023\/12\/cert_xlv-1.svg\" class=\"attachment-large size-large\" alt=\"\" \/>\t\t\t\t\t\t\n\t\t\t\t\t<\/div>\n\t\t\t\t\t\t\t\t\n<style>\n#image_1039027832 {\n  width: 45%;\n}\n<\/style>\n\t<\/div>\n\t\n\n\n\t\t<\/div>\n\t\t\t\t\t<\/div>\n\n\t\n\n\t<div id=\"col-1851190904\" class=\"col medium-2 small-12 large-2\"  >\n\t\t\t\t<div class=\"col-inner\"  >\n\t\t\t\n\t<div class=\"is-border\"\n\t\tstyle=\"border-width:0px 0px 0px 0px;\">\n\t<\/div>\n\t\t\t\n\n\t<div id=\"text-3521081351\" class=\"text\">\n\t\t\n\n<p>EN 60903<\/p>\n\t\t\n<style>\n#text-3521081351 {\n  text-align: center;\n}\n<\/style>\n\t<\/div>\n\t\n\n\t\t<\/div>\n\t\t\t\t\t<\/div>\n\n\t\n\n\t<div id=\"col-1657884275\" class=\"col medium-8 small-12 large-8\"  >\n\t\t\t\t<div class=\"col-inner\"  >\n\t\t\t\n\t<div class=\"is-border\"\n\t\tstyle=\"border-width:0px 0px 0px 0px;\">\n\t<\/div>\n\t\t\t\n\n\t<div id=\"text-1049440684\" class=\"text\">\n\t\t\n\n<p>Riesgo el\u00e9ctrico. Se clasifican en 6 clases seg\u00fan su tensi\u00f3n m\u00e1xima de utilizaci\u00f3n.<\/p>\n\t\t\n<style>\n#text-1049440684 {\n  text-align: center;\n}\n<\/style>\n\t<\/div>\n\t\n\n\t\t<\/div>\n\t\t\t\t\t<\/div>\n\n\t\n\n<\/div>\n\n","protected":false},"excerpt":{"rendered":"","protected":false},"author":82,"featured_media":0,"parent":0,"menu_order":17,"comment_status":"closed","ping_status":"closed","template":"","meta":{"footnotes":""},"class_list":["post-425","page","type-page","status-publish","hentry"],"_links":{"self":[{"href":"https:\/\/guanteslemus.com\/index.php?rest_route=\/wp\/v2\/pages\/425","targetHints":{"allow":["GET"]}}],"collection":[{"href":"https:\/\/guanteslemus.com\/index.php?rest_route=\/wp\/v2\/pages"}],"about":[{"href":"https:\/\/guanteslemus.com\/index.php?rest_route=\/wp\/v2\/types\/page"}],"author":[{"embeddable":true,"href":"https:\/\/guanteslemus.com\/index.php?rest_route=\/wp\/v2\/users\/82"}],"replies":[{"embeddable":true,"href":"https:\/\/guanteslemus.com\/index.php?rest_route=%2Fwp%2Fv2%2Fcomments&post=425"}],"version-history":[{"count":2,"href":"https:\/\/guanteslemus.com\/index.php?rest_route=\/wp\/v2\/pages\/425\/revisions"}],"predecessor-version":[{"id":3688,"href":"https:\/\/guanteslemus.com\/index.php?rest_route=\/wp\/v2\/pages\/425\/revisions\/3688"}],"wp:attachment":[{"href":"https:\/\/guanteslemus.com\/index.php?rest_route=%2Fwp%2Fv2%2Fmedia&parent=425"}],"curies":[{"name":"wp","href":"https:\/\/api.w.org\/{rel}","templated":true}]}}