{"id":421,"date":"2023-12-23T02:54:55","date_gmt":"2023-12-23T02:54:55","guid":{"rendered":"https:\/\/guanteslemus.com\/?page_id=421"},"modified":"2023-12-23T02:54:55","modified_gmt":"2023-12-23T02:54:55","slug":"glosario","status":"publish","type":"page","link":"https:\/\/guanteslemus.com\/?page_id=421","title":{"rendered":"Glosario"},"content":{"rendered":"\r\n<div class=\"container section-title-container\" ><h3 class=\"section-title section-title-normal\"><b aria-hidden=\"true\"><\/b><span class=\"section-title-main\" >Glosario<\/span><b aria-hidden=\"true\"><\/b><\/h3><\/div>\r\n\r\n<p class=\"lead\"> En esta secci\u00f3n encontrar\u00e1 algunas definiciones \u00fatiles en el contexto de la seguridad industrial. Sin embargo estas definiciones pueden ser m\u00e1s amplias, y el desconocimiento de sus aspectos t\u00e9cnicos puede representar riesgos a la seguridad. De ser necesario consulte fuentes especializadas. <\/p>\r\n<div class=\"container section-title-container\" ><h3 class=\"section-title section-title-normal\"><b aria-hidden=\"true\"><\/b><span class=\"section-title-main\" >A<\/span><b aria-hidden=\"true\"><\/b><\/h3><\/div>\r\n\r\n<p><b>ALGOD\u00d3N<\/b>\u2028<br \/>Es una fibra textil vegetal con la que se tejen algunos guantes de uso ligero. Es fresca y c\u00f3moda. Tambi\u00e9n se utiliza para fabricar algunas prendas de seguridad industrial.<\/p>\r\n<p><b>ASBESTO<\/b><br \/>\u2028Los minerales de asbesto tienen fibras largas y resistentes que se pueden separar y son suficientemente flexibles como para ser entrelazadas y tambi\u00e9n resisten altas temperaturas. Con ellas se fabrica un tejido incombustible con el que se fabrican guantes, mandiles y polainas.<\/p>\r\n<div class=\"container section-title-container\" ><h3 class=\"section-title section-title-normal\"><b aria-hidden=\"true\"><\/b><span class=\"section-title-main\" >b<\/span><b aria-hidden=\"true\"><\/b><\/h3><\/div>\r\n\r\n<p><b>BORCEGU\u00cd<\/b>\u2028<br \/> En algunos pa\u00edses se emplea el t\u00e9rmino borcegu\u00ed para describir las botas militares y zapatos industriales fabricados de cuero tratado y endurecido que a veces est\u00e1 impregnado de sustancias que repelen el agua, la suela est\u00e1 formada por goma dura. <\/p>\r\n<div class=\"container section-title-container\" ><h3 class=\"section-title section-title-normal\"><b aria-hidden=\"true\"><\/b><span class=\"section-title-main\" >c<\/span><b aria-hidden=\"true\"><\/b><\/h3><\/div>\r\n\r\n<p><b>CARNAZA<\/b>\u2028<br \/>Capa interna del cuero de las vacas. Tiene una textura m\u00e1s rugosa y \u00e1spera, lo que la hace perfecta para resistir a la abrasi\u00f3n. Con ella se fabrican guantes muy resistentes y econ\u00f3micos, mandiles, mangas y polainas.<\/p>\r\n<p><b>CASQUILLO DE ACERO <\/b>\u2028<br \/>Casquillo utilizado en el calzado de seguridad que protege los pies contra impactos o ca\u00eddas de objetos pesados. <\/p>\r\n<p><b>CASQUILLO DIEL\u00c9CTRICO <\/b>\u2028<br \/>Casquillo utilizado en el calzado de seguridad que, a diferencia del casquillo de acero, no conduce la electricidad. Por lo que se recomienda en trabajos con riesgos el\u00e9ctricos. <br \/><b> <\/b><\/p>\r\n<p><b>CINTA REFLEJANTE <\/b>\u2028<br \/>Cinta con o sin adhesivo con cualidades reflectantes de luz. Muy \u00fatil en control de zonas de seguridad gracias a su alta visibilidad incluso en situaciones de poca luz. Tambi\u00e9n se utiliza en formato textil en ropa de seguridad industrial.<\/p>\r\n<div class=\"container section-title-container\" ><h3 class=\"section-title section-title-normal\"><b aria-hidden=\"true\"><\/b><span class=\"section-title-main\" >d<\/span><b aria-hidden=\"true\"><\/b><\/h3><\/div>\r\n\r\n<p class=\"p1\"><strong>DECIBEL<\/strong><br \/>El decibel es la medida utilizada para expresar el nivel de potencia y el nivel de intensidad del ruido. Se abrevia dB. La exposici\u00f3n prolongada a ruidos por encima de los 100 dB puede da\u00f1ar irreversiblemente el o\u00eddo.<\/p>\r\n<p class=\"p1\"><strong>DORSO DEL GUANTE<\/strong><br \/>La parte del guante que cubre el reverso de la mano.<\/p>\r\n<p class=\"p1\"><strong>DYNEMA<\/strong><br \/>Polietileno de alta densidad desarrollado por DSM. Tiene la misma resistencia al corte que las fibras aramidas, pero con una resistencia a la abrasi\u00f3n 15 veces superior que la de el hilo de acero<\/p>\r\n<div class=\"container section-title-container\" ><h3 class=\"section-title section-title-normal\"><b aria-hidden=\"true\"><\/b><span class=\"section-title-main\" >f<\/span><b aria-hidden=\"true\"><\/b><\/h3><\/div>\r\n\r\n<p class=\"p1\"><strong>FDA<\/strong><br \/>Administraci\u00f3n de Alimentos y Medicamentos de Estados Unidos (Food and Drug Administration) es la agencia del gobierno de los Estados Unidos responsable de la regulaci\u00f3n de alimentos y sus normas oficiales de salud.<\/p>\r\n<p class=\"p1\"><strong>FLOCK<\/strong><br \/>Se le llama as\u00ed al forro interno de un guante. Generalmente es de algod\u00f3n en diferentes espesores.<\/p>\r\n<p class=\"p1\"><strong>FLOR DE PIEL<\/strong><br \/>Es la capa externa del cuero de la vaca. Se utiliza mucho en prendas de vestir. Se prefiere esta superficie en trabajos que requieren comodidad y destreza. Altamente resistente a la abrasi\u00f3n.<\/p>\r\n<div class=\"container section-title-container\" ><h3 class=\"section-title section-title-normal\"><b aria-hidden=\"true\"><\/b><span class=\"section-title-main\" >g<\/span><b aria-hidden=\"true\"><\/b><\/h3><\/div>\r\n\r\n<p class=\"p1\"><strong>GASES \u00c1CIDOS<\/strong><br \/>Es un gas que forma un \u00e1cido cuando se mezcla con agua. En producci\u00f3n y procesamiento de petr\u00f3leo, los gases \u00e1cidos m\u00e1s comunes son el sulfuro de hidr\u00f3geno y di\u00f3xido de carbono. Son corrosivos.<\/p>\r\n<p class=\"p1\"><strong>GUANTE AMBIDIESTRO<\/strong><br \/>Es el guante que por su dise\u00f1o y caracter\u00edsticas, puede utilizarse indistintamente en la mano derecha o izquierda. Obviamente son iguales en la palma y en el dorso.<\/p>\r\n<p class=\"p1\"><strong>GUANTES DE PIEL<\/strong><br \/>Como su nombre lo indica, estos guantes est\u00e1n fabricados en piel, carnaza o una combinaci\u00f3n de ambos. Tambi\u00e9n existen combinaciones con fibras textiles. Son muy resistentes a la abrasi\u00f3n y muy durables. Pueden fabricarse con refuerzos especiales para actividades y desgastes espec\u00edficos.<\/p>\r\n<p class=\"p1\"><strong>GUANTES SINT\u00c9TICOS<\/strong><br \/>Son aquellos guantes que no se fabrican de piel o carnaza. Utilizan un soporte hecho de alguna fibra como el algod\u00f3n, el nylon, poli\u00e9ster, entre otros. Pueden ser recubiertos con alg\u00fan material sint\u00e9tico como el l\u00e1tex, nitrilo, poliuretano, etc. Otros no utilizan soporte sino que est\u00e1n fabricados 100% de nitrilo, l\u00e1tex o neopreno.<\/p>\r\n<div class=\"container section-title-container\" ><h3 class=\"section-title section-title-normal\"><b aria-hidden=\"true\"><\/b><span class=\"section-title-main\" >k<\/span><b aria-hidden=\"true\"><\/b><\/h3><\/div>\r\n\r\n<p class=\"p1\"><strong>KEVLAR<\/strong><br \/>Fibra aramida desarrollada por Dupont. Sus caracter\u00edsticas principales son la alta resistencia al corte, baja conductividad y contracci\u00f3n termal.<\/p>\r\n<div class=\"container section-title-container\" ><h3 class=\"section-title section-title-normal\"><b aria-hidden=\"true\"><\/b><span class=\"section-title-main\" >l<\/span><b aria-hidden=\"true\"><\/b><\/h3><\/div>\r\n\r\n<p class=\"p1\"><strong>L\u00c1TEX<\/strong><br \/>Es una resina vegetal muy el\u00e1stica con la que se fabrican guantes. Muy utilizados por su comodidad, elasticidad y destreza. Resistentes a productos qu\u00edmicos acuosos. Excelente agarre y buena resistencia a la abrasi\u00f3n.<\/p>\r\n<p class=\"p1\"><strong>LONA<\/strong><br \/>Es un tejido muy pesado, generalmente de algod\u00f3n, que se utiliza en la fabricaci\u00f3n de guantes y mandiles. Se combina con otros materiales para reforzarla y hacer productos m\u00e1s resistentes y c\u00f3modos.<\/p>\r\n<div class=\"container section-title-container\" ><h3 class=\"section-title section-title-normal\"><b aria-hidden=\"true\"><\/b><span class=\"section-title-main\" >m<\/span><b aria-hidden=\"true\"><\/b><\/h3><\/div>\r\n\r\n<p class=\"p1\"><strong>MANGA<\/strong><br \/>Fibra aramida desarrollada por Dupont. Sus caracter\u00edsticas principales son la alta resistencia al corte, baja conductividad y contracci\u00f3n termal.<\/p>\r\n<p class=\"p1\"><strong>MICA AMBAR<\/strong><br \/>Mica de policarbonato que ampl\u00eda la luz en situaciones de poca luminosidad.<\/p>\r\n<p class=\"p1\"><strong>MICA ANTIEMPA\u00d1O<\/strong><br \/>Mica de policarbonato con un recubrimiento qu\u00edmico que permite usar esta lente en lugares muy c\u00e1lidos y h\u00famedos sin perder visibilidad.<\/p>\r\n<p class=\"p1\"><strong>MICA AZUL ESPEJO<\/strong><br \/>Mica de policarbonato que elimina el reflejo y el deslumbramiento en situaciones de alta luminosidad como el agua y la nieve.<\/p>\r\n<p class=\"p1\"><strong>MICA CLARA<\/strong><br \/>Mica de policarbonato totalmente transparente que brinda protecci\u00f3n contra proyecci\u00f3n de part\u00edculas y demasiado polvo.<\/p>\r\n<p class=\"p1\"><strong>MICA ESPEJO<\/strong><br \/>Mica de policarbonato que elimina el reflejo y el deslumbramiento en situaciones de alta luminosidad como el agua y la nieve.<\/p>\r\n<p class=\"p1\"><strong>MICA GRIS<\/strong><br \/>Mica de policarbonato obscurecida ideal para trabajos en el exterior, ya que bloquea la luz sin perder visibilidad y tambi\u00e9n bloquea los rayos UV.<\/p>\r\n<p class=\"p1\"><strong>MICA IN\/OUT<\/strong><br \/>Mica de policarbonato con un tratamiento qu\u00edmico que la hace obscurecerse autom\u00e1ticamente ante una alta exposici\u00f3n a la luz. Esto la hace ideal para utilizarse en interiores y exteriores.<\/p>\r\n<div class=\"container section-title-container\" ><h3 class=\"section-title section-title-normal\"><b aria-hidden=\"true\"><\/b><span class=\"section-title-main\" >n<\/span><b aria-hidden=\"true\"><\/b><\/h3><\/div>\r\n\r\n<p class=\"p1\"><strong>NEOPRENO<\/strong><br \/>Caucho sint\u00e9tico de alta densidad, flexibilidad y excelente aislamiento de temperatura y ac\u00fastico. En seguridad industrial se utiliza en algunas aplicaciones de temperatura y qu\u00edmicos.<\/p>\r\n<p class=\"p1\"><strong>NITRILO<\/strong><br \/>Caucho sint\u00e9tico resistente a aceites, lubricantes, y a productos derivados del petr\u00f3leo. Buena resistencia mec\u00e1nica y a la perforaci\u00f3n. Muy resistente qu\u00edmicamente.<\/p>\r\n<p class=\"p1\"><strong>NIVEL DE RESISTENCIA<\/strong><br \/>Es el n\u00famero que nos indica el valor obtenido en el ensayo correspondiente seg\u00fan la norma espec\u00edfica.<\/p>\r\n<p class=\"p1\"><strong>NRR<\/strong><br \/>Siglas para Nivel de Reducci\u00f3n de Ruido. Indica la cantidad en decibeles que cierto producto ayuda a reducir.<\/p>\r\n<p class=\"p1\"><strong>NYLON<\/strong><br \/>Es un pol\u00edmero artificial ampliamente utilizado en prendas de vestir por su versatilidad, resistencia y econom\u00eda. Se utiliza para tejer los soportes de guantes sint\u00e9ticos.<\/p>\r\n<div class=\"container section-title-container\" ><h3 class=\"section-title section-title-normal\"><b aria-hidden=\"true\"><\/b><span class=\"section-title-main\" >p<\/span><b aria-hidden=\"true\"><\/b><\/h3><\/div>\r\n\r\n<p class=\"p1\"><strong>PALMA DEL GUANTE<\/strong><br \/>La parte del guante que cubre la palma de la mano. En algunos modelos puede utilizar un refuerzo de piel o carnaza.<\/p>\r\n<p class=\"p1\"><strong>POLAINAS<\/strong><br \/>Prenda de seguridad industrial que protege las piernas desde debajo de la rodilla hasta la punta del pi\u00e9, ya que envuelve el zapato. Se fabrican en una gran variedad de materiales para actividades espec\u00edficas.<\/p>\r\n<p class=\"p1\"><strong>POLICARBONATO<\/strong><br \/>Es un grupo de termopl\u00e1sticos f\u00e1cil de trabajar, moldear y termoformar. Se utiliza en la fabricaci\u00f3n de visores r\u00edgidos como los lentes, los goggles y los visores.<\/p>\r\n<p class=\"p1\"><strong>POLI\u00c9STER<\/strong><br \/>Fibra sint\u00e9tica que se utiliza principalmente en la industria textil para fabricar hilo.<\/p>\r\n<p class=\"p1\"><strong>POLIETILENO DE ALTA DENSIDAD AD<\/strong><br \/>Es un pol\u00edmero de alta resistencia. Es muy ligero y se combina con fibra de vidrio para desarrollar materiales resistentes al corte.<\/p>\r\n<p class=\"p1\"><strong>POLIURETANO<\/strong><br \/>Pol\u00edmero sint\u00e9tico utilizado en el recubrimiento de algunos guantes. Es el\u00e1stico, resistente a la abrasi\u00f3n y a la tensi\u00f3n. Tambi\u00e9n es resistente a alcoholes, hidrocarburos y solventes.<\/p>\r\n<p class=\"p1\"><strong>PU\u00d1O DEL GUANTE<\/strong><br \/>Es la parte del guante que protege la mu\u00f1eca del usuario. Existen varios tipos de pu\u00f1o con diferentes aplicaciones. Vea Tipos de pu\u00f1o.<\/p>\r\n<p class=\"p1\"><strong>PVC<\/strong><br \/>El policloruro de vinilo (PVC) es el pol\u00edmero derivado del pl\u00e1stico m\u00e1s vers\u00e1til. Proporciona buena flexibilidad, resistencia moderada a la abrasi\u00f3n, buena ventilaci\u00f3n y agarre. Buena opci\u00f3n para el manejo de l\u00edquidos y solventes.<\/p>\r\n<div class=\"container section-title-container\" ><h3 class=\"section-title section-title-normal\"><b aria-hidden=\"true\"><\/b><span class=\"section-title-main\" >r<\/span><b aria-hidden=\"true\"><\/b><\/h3><\/div>\r\n\r\n<p class=\"p1\"><strong>REFUERZO DEL GUANTE<\/strong><br \/>Es una segunda capa de piel o carnaza que se corta y se cose en la parte del guante que est\u00e1 m\u00e1s expuesta al desgaste para aumentar su vida \u00fatil y proteger al usuario. Los m\u00e1s comunes son en la palma o en alg\u00fan dedo, pero se pueden desarrollar refuerzos especiales para actividades espec\u00edficas.<\/p>\r\n<div class=\"container section-title-container\" ><h3 class=\"section-title section-title-normal\"><b aria-hidden=\"true\"><\/b><span class=\"section-title-main\" >t<\/span><b aria-hidden=\"true\"><\/b><\/h3><\/div>\r\n\r\n<p class=\"p1\"><strong>TOALLA<\/strong><br \/>Tela de algod\u00f3n de textura suave con la que se fabrican guantes c\u00f3modos y moderadamente resistentes.<\/p>\r\n<div class=\"container section-title-container\" ><h3 class=\"section-title section-title-normal\"><b aria-hidden=\"true\"><\/b><span class=\"section-title-main\" >v<\/span><b aria-hidden=\"true\"><\/b><\/h3><\/div>\r\n\r\n<p class=\"p1\"><strong>VAPORES ORG\u00c1NICOS<\/strong><br \/>Se entiende como vapores org\u00e1nicos a aquellos compuestos qu\u00edmicos de naturaleza org\u00e1nica, es decir que est\u00e1n constituidos por \u00e1tomos de carbono, que poseen una alta presi\u00f3n de vapor. Estos compuestos qu\u00edmicos son usualmente conocidos en la industria como solventes. Los solventes son utilizados en casi todas las industrias, debido a su capacidad de disolver pegamentos, pol\u00edmeros, tintas, resinas, grasas, aceites, etc.<\/p>\r\n<p class=\"p1\"><strong>VINIL<\/strong><br \/>Material sint\u00e9tico altamente flexible y c\u00f3modo. Es muy utilizado en la industria de alimentos, ciertos procesos qu\u00edmicos y m\u00e9dicos.<\/p>\r\n\r\n","protected":false},"excerpt":{"rendered":"","protected":false},"author":82,"featured_media":0,"parent":0,"menu_order":16,"comment_status":"closed","ping_status":"closed","template":"","meta":{"footnotes":""},"class_list":["post-421","page","type-page","status-publish","hentry"],"_links":{"self":[{"href":"https:\/\/guanteslemus.com\/index.php?rest_route=\/wp\/v2\/pages\/421","targetHints":{"allow":["GET"]}}],"collection":[{"href":"https:\/\/guanteslemus.com\/index.php?rest_route=\/wp\/v2\/pages"}],"about":[{"href":"https:\/\/guanteslemus.com\/index.php?rest_route=\/wp\/v2\/types\/page"}],"author":[{"embeddable":true,"href":"https:\/\/guanteslemus.com\/index.php?rest_route=\/wp\/v2\/users\/82"}],"replies":[{"embeddable":true,"href":"https:\/\/guanteslemus.com\/index.php?rest_route=%2Fwp%2Fv2%2Fcomments&post=421"}],"version-history":[{"count":1,"href":"https:\/\/guanteslemus.com\/index.php?rest_route=\/wp\/v2\/pages\/421\/revisions"}],"predecessor-version":[{"id":2964,"href":"https:\/\/guanteslemus.com\/index.php?rest_route=\/wp\/v2\/pages\/421\/revisions\/2964"}],"wp:attachment":[{"href":"https:\/\/guanteslemus.com\/index.php?rest_route=%2Fwp%2Fv2%2Fmedia&parent=421"}],"curies":[{"name":"wp","href":"https:\/\/api.w.org\/{rel}","templated":true}]}}