{"id":381,"date":"2023-12-23T02:54:09","date_gmt":"2023-12-23T02:54:09","guid":{"rendered":"https:\/\/guanteslemus.com\/?page_id=381"},"modified":"2024-01-30T00:40:27","modified_gmt":"2024-01-30T00:40:27","slug":"equipo-de-seguridad","status":"publish","type":"page","link":"https:\/\/guanteslemus.com\/?page_id=381","title":{"rendered":"Equipo de Seguridad"},"content":{"rendered":"\n<div class=\"container section-title-container\" ><h3 class=\"section-title section-title-normal\"><b aria-hidden=\"true\"><\/b><span class=\"section-title-main\" >Equipo de seguridad<\/span><b aria-hidden=\"true\"><\/b><\/h3><\/div>\n\n<p>En esta secci\u00f3n puede ver todos los productos de nuestro cat\u00e1logo actual. Sin embargo, si el producto que busca no aparece en esta lista, ll\u00e1menos y con gusto lo cotizamos para usted. Haga clic en el producto de su inter\u00e9s para conocer sus caracter\u00edsticas y descargar su ficha t\u00e9cnica.<\/p>\n\n  \n    <div class=\"row large-columns-4 medium-columns-3 small-columns-2 row-small\" >\n  <div class=\"product-category col\" >\n            <div class=\"col-inner\">\n              <a aria-label=\"Visitar la categor\u00eda de producto Guantes Textiles\" href=\"https:\/\/guanteslemus.com\/?product_cat=guantes-textiles\">                <div class=\"box box-category has-hover box-bounce \">\n                <div class=\"box-image\" >\n                  <div class=\"\" >\n                  <img loading=\"lazy\" decoding=\"async\" src=\"https:\/\/guanteslemus.com\/wp-content\/uploads\/2023\/12\/fondo_categorias_textiles.jpg\" alt=\"Guantes Textiles\" width=\"300\" height=\"300\" \/>                                                      <\/div>\n                <\/div>\n                <div class=\"box-text text-center\" >\n                  <div class=\"box-text-inner\">\n                      <h5 class=\"uppercase header-title\">\n                              Guantes Textiles                      <\/h5>\n                                            <p class=\"is-xsmall uppercase count \">\n\t                      25 Productos                      <\/p>\n                                            \n                  <\/div>\n                <\/div>\n                <\/div>\n            <\/a>            <\/div>\n            <\/div><div class=\"product-category col\" >\n            <div class=\"col-inner\">\n              <a aria-label=\"Visitar la categor\u00eda de producto Guantes con soporte\" href=\"https:\/\/guanteslemus.com\/?product_cat=guantes-con-soporte\">                <div class=\"box box-category has-hover box-bounce \">\n                <div class=\"box-image\" >\n                  <div class=\"\" >\n                  <img loading=\"lazy\" decoding=\"async\" src=\"https:\/\/guanteslemus.com\/wp-content\/uploads\/2023\/12\/fondo_categorias_consoporte.jpg\" alt=\"Guantes con soporte\" width=\"300\" height=\"300\" \/>                                                      <\/div>\n                <\/div>\n                <div class=\"box-text text-center\" >\n                  <div class=\"box-text-inner\">\n                      <h5 class=\"uppercase header-title\">\n                              Guantes con soporte                      <\/h5>\n                                            <p class=\"is-xsmall uppercase count \">\n\t                      48 Productos                      <\/p>\n                                            \n                  <\/div>\n                <\/div>\n                <\/div>\n            <\/a>            <\/div>\n            <\/div><div class=\"product-category col\" >\n            <div class=\"col-inner\">\n              <a aria-label=\"Visitar la categor\u00eda de producto Guantes sin soporte\" href=\"https:\/\/guanteslemus.com\/?product_cat=guantes-sin-soporte\">                <div class=\"box box-category has-hover box-bounce \">\n                <div class=\"box-image\" >\n                  <div class=\"\" >\n                  <img loading=\"lazy\" decoding=\"async\" src=\"https:\/\/guanteslemus.com\/wp-content\/uploads\/2023\/12\/fondo_categorias_sinsoporte.jpg\" alt=\"Guantes sin soporte\" width=\"300\" height=\"300\" \/>                                                      <\/div>\n                <\/div>\n                <div class=\"box-text text-center\" >\n                  <div class=\"box-text-inner\">\n                      <h5 class=\"uppercase header-title\">\n                              Guantes sin soporte                      <\/h5>\n                                            <p class=\"is-xsmall uppercase count \">\n\t                      18 Productos                      <\/p>\n                                            \n                  <\/div>\n                <\/div>\n                <\/div>\n            <\/a>            <\/div>\n            <\/div><div class=\"product-category col\" >\n            <div class=\"col-inner\">\n              <a aria-label=\"Visitar la categor\u00eda de producto Guantes anticorte\" href=\"https:\/\/guanteslemus.com\/?product_cat=guantes-anticorte\">                <div class=\"box box-category has-hover box-bounce \">\n                <div class=\"box-image\" >\n                  <div class=\"\" >\n                  <img loading=\"lazy\" decoding=\"async\" src=\"https:\/\/guanteslemus.com\/wp-content\/uploads\/2023\/12\/fondo_categorias_anticorte.jpg\" alt=\"Guantes anticorte\" width=\"300\" height=\"300\" \/>                                                      <\/div>\n                <\/div>\n                <div class=\"box-text text-center\" >\n                  <div class=\"box-text-inner\">\n                      <h5 class=\"uppercase header-title\">\n                              Guantes anticorte                      <\/h5>\n                                            <p class=\"is-xsmall uppercase count \">\n\t                      20 Productos                      <\/p>\n                                            \n                  <\/div>\n                <\/div>\n                <\/div>\n            <\/a>            <\/div>\n            <\/div><div class=\"product-category col\" >\n            <div class=\"col-inner\">\n              <a aria-label=\"Visitar la categor\u00eda de producto Guantes de piel y carnaza\" href=\"https:\/\/guanteslemus.com\/?product_cat=guantes-de-piel-y-carnaza\">                <div class=\"box box-category has-hover box-bounce \">\n                <div class=\"box-image\" >\n                  <div class=\"\" >\n                  <img loading=\"lazy\" decoding=\"async\" src=\"https:\/\/guanteslemus.com\/wp-content\/uploads\/2023\/12\/fondo_categorias_pielycarnaza.jpg\" alt=\"Guantes de piel y carnaza\" width=\"300\" height=\"300\" \/>                                                      <\/div>\n                <\/div>\n                <div class=\"box-text text-center\" >\n                  <div class=\"box-text-inner\">\n                      <h5 class=\"uppercase header-title\">\n                              Guantes de piel y carnaza                      <\/h5>\n                                            <p class=\"is-xsmall uppercase count \">\n\t                      53 Productos                      <\/p>\n                                            \n                  <\/div>\n                <\/div>\n                <\/div>\n            <\/a>            <\/div>\n            <\/div><div class=\"product-category col\" >\n            <div class=\"col-inner\">\n              <a aria-label=\"Visitar la categor\u00eda de producto Guantes desechables\" href=\"https:\/\/guanteslemus.com\/?product_cat=guantes-desechables\">                <div class=\"box box-category has-hover box-bounce \">\n                <div class=\"box-image\" >\n                  <div class=\"\" >\n                  <img loading=\"lazy\" decoding=\"async\" src=\"https:\/\/guanteslemus.com\/wp-content\/uploads\/2023\/12\/fondo_categorias_desechables.jpg\" alt=\"Guantes desechables\" width=\"300\" height=\"300\" \/>                                                      <\/div>\n                <\/div>\n                <div class=\"box-text text-center\" >\n                  <div class=\"box-text-inner\">\n                      <h5 class=\"uppercase header-title\">\n                              Guantes desechables                      <\/h5>\n                                            <p class=\"is-xsmall uppercase count \">\n\t                      19 Productos                      <\/p>\n                                            \n                  <\/div>\n                <\/div>\n                <\/div>\n            <\/a>            <\/div>\n            <\/div><div class=\"product-category col\" >\n            <div class=\"col-inner\">\n              <a aria-label=\"Visitar la categor\u00eda de producto Altas Temperaturas\" href=\"https:\/\/guanteslemus.com\/?product_cat=altas-temperaturas\">                <div class=\"box box-category has-hover box-bounce \">\n                <div class=\"box-image\" >\n                  <div class=\"\" >\n                  <img loading=\"lazy\" decoding=\"async\" src=\"https:\/\/guanteslemus.com\/wp-content\/uploads\/2023\/12\/fondo_categorias_altastemperaturas.jpg\" alt=\"Altas Temperaturas\" width=\"300\" height=\"300\" \/>                                                      <\/div>\n                <\/div>\n                <div class=\"box-text text-center\" >\n                  <div class=\"box-text-inner\">\n                      <h5 class=\"uppercase header-title\">\n                              Altas Temperaturas                      <\/h5>\n                                            <p class=\"is-xsmall uppercase count \">\n\t                      43 Productos                      <\/p>\n                                            \n                  <\/div>\n                <\/div>\n                <\/div>\n            <\/a>            <\/div>\n            <\/div><div class=\"product-category col\" >\n            <div class=\"col-inner\">\n              <a aria-label=\"Visitar la categor\u00eda de producto Ropa de seguridad\" href=\"https:\/\/guanteslemus.com\/?product_cat=ropa-de-seguridad\">                <div class=\"box box-category has-hover box-bounce \">\n                <div class=\"box-image\" >\n                  <div class=\"\" >\n                  <img loading=\"lazy\" decoding=\"async\" src=\"https:\/\/guanteslemus.com\/wp-content\/uploads\/2023\/12\/fondo_categorias_ropa.jpg\" alt=\"Ropa de seguridad\" width=\"300\" height=\"300\" \/>                                                      <\/div>\n                <\/div>\n                <div class=\"box-text text-center\" >\n                  <div class=\"box-text-inner\">\n                      <h5 class=\"uppercase header-title\">\n                              Ropa de seguridad                      <\/h5>\n                                            <p class=\"is-xsmall uppercase count \">\n\t                      73 Productos                      <\/p>\n                                            \n                  <\/div>\n                <\/div>\n                <\/div>\n            <\/a>            <\/div>\n            <\/div><div class=\"product-category col\" >\n            <div class=\"col-inner\">\n              <a aria-label=\"Visitar la categor\u00eda de producto Protecci\u00f3n Ocular\" href=\"https:\/\/guanteslemus.com\/?product_cat=proteccion-ocular\">                <div class=\"box box-category has-hover box-bounce \">\n                <div class=\"box-image\" >\n                  <div class=\"\" >\n                  <img loading=\"lazy\" decoding=\"async\" src=\"https:\/\/guanteslemus.com\/wp-content\/uploads\/2023\/12\/fondo_categorias_ocular.jpg\" alt=\"Protecci\u00f3n Ocular\" width=\"300\" height=\"300\" \/>                                                      <\/div>\n                <\/div>\n                <div class=\"box-text text-center\" >\n                  <div class=\"box-text-inner\">\n                      <h5 class=\"uppercase header-title\">\n                              Protecci\u00f3n Ocular                      <\/h5>\n                                            <p class=\"is-xsmall uppercase count \">\n\t                      53 Productos                      <\/p>\n                                            \n                  <\/div>\n                <\/div>\n                <\/div>\n            <\/a>            <\/div>\n            <\/div><div class=\"product-category col\" >\n            <div class=\"col-inner\">\n              <a aria-label=\"Visitar la categor\u00eda de producto Protecci\u00f3n Auditiva\" href=\"https:\/\/guanteslemus.com\/?product_cat=proteccion-auditiva\">                <div class=\"box box-category has-hover box-bounce \">\n                <div class=\"box-image\" >\n                  <div class=\"\" >\n                  <img loading=\"lazy\" decoding=\"async\" src=\"https:\/\/guanteslemus.com\/wp-content\/uploads\/2023\/12\/fondo_categorias_auditiva.jpg\" alt=\"Protecci\u00f3n Auditiva\" width=\"300\" height=\"300\" \/>                                                      <\/div>\n                <\/div>\n                <div class=\"box-text text-center\" >\n                  <div class=\"box-text-inner\">\n                      <h5 class=\"uppercase header-title\">\n                              Protecci\u00f3n Auditiva                      <\/h5>\n                                            <p class=\"is-xsmall uppercase count \">\n\t                      25 Productos                      <\/p>\n                                            \n                  <\/div>\n                <\/div>\n                <\/div>\n            <\/a>            <\/div>\n            <\/div><div class=\"product-category col\" >\n            <div class=\"col-inner\">\n              <a aria-label=\"Visitar la categor\u00eda de producto Protecci\u00f3n respiratoria\" href=\"https:\/\/guanteslemus.com\/?product_cat=proteccion-respiratoria\">                <div class=\"box box-category has-hover box-bounce \">\n                <div class=\"box-image\" >\n                  <div class=\"\" >\n                  <img loading=\"lazy\" decoding=\"async\" src=\"https:\/\/guanteslemus.com\/wp-content\/uploads\/2023\/12\/fondo_categorias_respiratoria.jpg\" alt=\"Protecci\u00f3n respiratoria\" width=\"300\" height=\"300\" \/>                                                      <\/div>\n                <\/div>\n                <div class=\"box-text text-center\" >\n                  <div class=\"box-text-inner\">\n                      <h5 class=\"uppercase header-title\">\n                              Protecci\u00f3n respiratoria                      <\/h5>\n                                            <p class=\"is-xsmall uppercase count \">\n\t                      57 Productos                      <\/p>\n                                            \n                  <\/div>\n                <\/div>\n                <\/div>\n            <\/a>            <\/div>\n            <\/div><div class=\"product-category col\" >\n            <div class=\"col-inner\">\n              <a aria-label=\"Visitar la categor\u00eda de producto L\u00ednea de altura\" href=\"https:\/\/guanteslemus.com\/?product_cat=linea-de-altura\">                <div class=\"box box-category has-hover box-bounce \">\n                <div class=\"box-image\" >\n                  <div class=\"\" >\n                  <img loading=\"lazy\" decoding=\"async\" src=\"https:\/\/guanteslemus.com\/wp-content\/uploads\/2023\/12\/fondo_categorias_lineadealtura.jpg\" alt=\"L\u00ednea de altura\" width=\"300\" height=\"300\" \/>                                                      <\/div>\n                <\/div>\n                <div class=\"box-text text-center\" >\n                  <div class=\"box-text-inner\">\n                      <h5 class=\"uppercase header-title\">\n                              L\u00ednea de altura                      <\/h5>\n                                            <p class=\"is-xsmall uppercase count \">\n\t                      24 Productos                      <\/p>\n                                            \n                  <\/div>\n                <\/div>\n                <\/div>\n            <\/a>            <\/div>\n            <\/div><div class=\"product-category col\" >\n            <div class=\"col-inner\">\n              <a aria-label=\"Visitar la categor\u00eda de producto Seguridad Vial\" href=\"https:\/\/guanteslemus.com\/?product_cat=seguridad-vial\">                <div class=\"box box-category has-hover box-bounce \">\n                <div class=\"box-image\" >\n                  <div class=\"\" >\n                  <img loading=\"lazy\" decoding=\"async\" src=\"https:\/\/guanteslemus.com\/wp-content\/uploads\/2023\/12\/fondo_categorias_vial.jpg\" alt=\"Seguridad Vial\" width=\"300\" height=\"300\" \/>                                                      <\/div>\n                <\/div>\n                <div class=\"box-text text-center\" >\n                  <div class=\"box-text-inner\">\n                      <h5 class=\"uppercase header-title\">\n                              Seguridad Vial                      <\/h5>\n                                            <p class=\"is-xsmall uppercase count \">\n\t                      46 Productos                      <\/p>\n                                            \n                  <\/div>\n                <\/div>\n                <\/div>\n            <\/a>            <\/div>\n            <\/div><div class=\"product-category col\" >\n            <div class=\"col-inner\">\n              <a aria-label=\"Visitar la categor\u00eda de producto Calzado de seguridad\" href=\"https:\/\/guanteslemus.com\/?product_cat=calzado-de-seguridad\">                <div class=\"box box-category has-hover box-bounce \">\n                <div class=\"box-image\" >\n                  <div class=\"\" >\n                  <img loading=\"lazy\" decoding=\"async\" src=\"https:\/\/guanteslemus.com\/wp-content\/uploads\/2023\/12\/fondo_categorias_calzado.jpg\" alt=\"Calzado de seguridad\" width=\"300\" height=\"300\" \/>                                                      <\/div>\n                <\/div>\n                <div class=\"box-text text-center\" >\n                  <div class=\"box-text-inner\">\n                      <h5 class=\"uppercase header-title\">\n                              Calzado de seguridad                      <\/h5>\n                                            <p class=\"is-xsmall uppercase count \">\n\t                      25 Productos                      <\/p>\n                                            \n                  <\/div>\n                <\/div>\n                <\/div>\n            <\/a>            <\/div>\n            <\/div><div class=\"product-category col\" >\n            <div class=\"col-inner\">\n              <a aria-label=\"Visitar la categor\u00eda de producto Equipo para la contingencia\" href=\"https:\/\/guanteslemus.com\/?product_cat=equipo-para-la-contingencia\">                <div class=\"box box-category has-hover box-bounce \">\n                <div class=\"box-image\" >\n                  <div class=\"\" >\n                  <img loading=\"lazy\" decoding=\"async\" src=\"https:\/\/guanteslemus.com\/wp-content\/uploads\/2023\/12\/fondo_categorias_contingencia.jpg\" alt=\"Equipo para la contingencia\" width=\"300\" height=\"300\" \/>                                                      <\/div>\n                <\/div>\n                <div class=\"box-text text-center\" >\n                  <div class=\"box-text-inner\">\n                      <h5 class=\"uppercase header-title\">\n                              Equipo para la contingencia                      <\/h5>\n                                            <p class=\"is-xsmall uppercase count \">\n\t                      66 Productos                      <\/p>\n                                            \n                  <\/div>\n                <\/div>\n                <\/div>\n            <\/a>            <\/div>\n            <\/div><\/div>\n\n\n","protected":false},"excerpt":{"rendered":"","protected":false},"author":82,"featured_media":0,"parent":0,"menu_order":2,"comment_status":"closed","ping_status":"closed","template":"","meta":{"footnotes":""},"class_list":["post-381","page","type-page","status-publish","hentry"],"_links":{"self":[{"href":"https:\/\/guanteslemus.com\/index.php?rest_route=\/wp\/v2\/pages\/381","targetHints":{"allow":["GET"]}}],"collection":[{"href":"https:\/\/guanteslemus.com\/index.php?rest_route=\/wp\/v2\/pages"}],"about":[{"href":"https:\/\/guanteslemus.com\/index.php?rest_route=\/wp\/v2\/types\/page"}],"author":[{"embeddable":true,"href":"https:\/\/guanteslemus.com\/index.php?rest_route=\/wp\/v2\/users\/82"}],"replies":[{"embeddable":true,"href":"https:\/\/guanteslemus.com\/index.php?rest_route=%2Fwp%2Fv2%2Fcomments&post=381"}],"version-history":[{"count":2,"href":"https:\/\/guanteslemus.com\/index.php?rest_route=\/wp\/v2\/pages\/381\/revisions"}],"predecessor-version":[{"id":3680,"href":"https:\/\/guanteslemus.com\/index.php?rest_route=\/wp\/v2\/pages\/381\/revisions\/3680"}],"wp:attachment":[{"href":"https:\/\/guanteslemus.com\/index.php?rest_route=%2Fwp%2Fv2%2Fmedia&parent=381"}],"curies":[{"name":"wp","href":"https:\/\/api.w.org\/{rel}","templated":true}]}}